{"id":137,"date":"2019-08-09T15:07:10","date_gmt":"2019-08-09T12:07:10","guid":{"rendered":"http:\/\/nivalanerankavijat.com\/?page_id=137"},"modified":"2024-06-19T14:47:47","modified_gmt":"2024-06-19T11:47:47","slug":"toimitalo","status":"publish","type":"page","link":"https:\/\/nivalanerankavijat.com\/?page_id=137","title":{"rendered":"Toimitalo"},"content":{"rendered":"\n<p><br>Nivalan Er\u00e4nk\u00e4vij\u00e4t ry vuokraa toimitaloaan. Toimitalo varataan k\u00e4ytt\u00f6\u00f6n toiminnanohjaajalta.  Toiminnanohjaaja Vesa Kumpum\u00e4en tavoittaa parhaiten klo 17-21 puhelimitse 050 351 4240<br><br>Majan osoite: Pyssym\u00e4entie 64, Nivala.<br><br>Toimitalolla on tehty remonttia kev\u00e4\u00e4ll\u00e4 2011. Talon keitti\u00f6 sek\u00e4 pesu- ja saunatilat on uusittu.<br><br>Vuokrahinnat:<br>\u25ba 70\u20ac puolipv\u00e4,<br>\u25ba 90\u20ac koko p\u00e4iv\u00e4,<br>\u25ba saunamaksu 30\u20ac<br><br><br>Majan varauskalenteri<br><iframe loading=\"lazy\" src=\"https:\/\/calendar.google.com\/calendar\/embed?src=nivalanerankavijat%40gmail.com&amp;ctz=Europe%2FHelsinki\" style=\"border: 0\" width=\"800\" height=\"600\" frameborder=\"0\" scrolling=\"no\"><\/p><\/iframe><\/p>\n","protected":false},"excerpt":{"rendered":"<p>Nivalan Er\u00e4nk\u00e4vij\u00e4t ry vuokraa toimitaloaan. Toimitalo varataan k\u00e4ytt\u00f6\u00f6n toiminnanohjaajalta. Toiminnanohjaaja Vesa Kumpum\u00e4en tavoittaa parhaiten klo 17-21 puhelimitse 050 351 4240 Majan osoite: Pyssym\u00e4entie 64, Nivala. Toimitalolla on tehty remonttia kev\u00e4\u00e4ll\u00e4 2011. Talon keitti\u00f6 sek\u00e4 pesu- ja saunatilat on uusittu. Vuokrahinnat:\u25ba 70\u20ac puolipv\u00e4,\u25ba 90\u20ac koko p\u00e4iv\u00e4,\u25ba saunamaksu 30\u20ac Majan varauskalenteri<\/p>\n","protected":false},"author":1,"featured_media":0,"parent":0,"menu_order":0,"comment_status":"closed","ping_status":"closed","template":"","meta":{"footnotes":""},"class_list":["post-137","page","type-page","status-publish","hentry"],"_links":{"self":[{"href":"https:\/\/nivalanerankavijat.com\/index.php?rest_route=\/wp\/v2\/pages\/137","targetHints":{"allow":["GET"]}}],"collection":[{"href":"https:\/\/nivalanerankavijat.com\/index.php?rest_route=\/wp\/v2\/pages"}],"about":[{"href":"https:\/\/nivalanerankavijat.com\/index.php?rest_route=\/wp\/v2\/types\/page"}],"author":[{"embeddable":true,"href":"https:\/\/nivalanerankavijat.com\/index.php?rest_route=\/wp\/v2\/users\/1"}],"replies":[{"embeddable":true,"href":"https:\/\/nivalanerankavijat.com\/index.php?rest_route=%2Fwp%2Fv2%2Fcomments&post=137"}],"version-history":[{"count":6,"href":"https:\/\/nivalanerankavijat.com\/index.php?rest_route=\/wp\/v2\/pages\/137\/revisions"}],"predecessor-version":[{"id":1087,"href":"https:\/\/nivalanerankavijat.com\/index.php?rest_route=\/wp\/v2\/pages\/137\/revisions\/1087"}],"wp:attachment":[{"href":"https:\/\/nivalanerankavijat.com\/index.php?rest_route=%2Fwp%2Fv2%2Fmedia&parent=137"}],"curies":[{"name":"wp","href":"https:\/\/api.w.org\/{rel}","templated":true}]}}