{"id":233,"date":"2021-03-23T19:13:29","date_gmt":"2021-03-23T17:13:29","guid":{"rendered":"http:\/\/nivalanerankavijat.com\/?page_id=233"},"modified":"2023-04-10T18:47:10","modified_gmt":"2023-04-10T15:47:10","slug":"vuokrasopimuslomake","status":"publish","type":"page","link":"https:\/\/nivalanerankavijat.com\/?page_id=233","title":{"rendered":"Vuokrasopimuslomake"},"content":{"rendered":"\n<p>Nivalan Er\u00e4nk\u00e4vij\u00f6iden mets\u00e4stysalueet l\u00f6ytyv\u00e4t Reviiri-karttaohjelmasta. Reviiri-ohjelmistolla hallinnoidaan voimassaolevia ja p\u00e4\u00e4ttyvi\u00e4 maanvuokrasopimuksia. Reviirist\u00e4 n\u00e4hd\u00e4\u00e4n helposti voimassa olevat- sek\u00e4 umpeutumassa olevat maanvuokrasopimukset. Seuran jokainen j\u00e4sen voi alla olevalla lomakkeella solmia\/uusia maanvuokraussopimuksia maanomistajien kanssa.<\/p>\n\n\n\n<p>Reviiriin kirjautumisohjeet:<\/p>\n\n\n\n<p class=\"has-text-align-left\">Tracker-ohjelmiston kartat-v\u00e4lilehti\/Reviiri\/kirjaudu (Tracker-sovellus play- kaupasta)<\/p>\n\n\n\n<p>Reviiri-ohjelmisto verkossa <a href=\"https:\/\/reviiri.org\/\" data-type=\"URL\" data-id=\"https:\/\/reviiri.org\/\">https:\/\/reviiri.org\/<\/a><\/p>\n\n\n\n<p>k\u00e4ytt\u00e4j\u00e4tunnus: nivalanerankavijat.1585@reviiri.org <\/p>\n\n\n\n<p>salasana: !Nivala2021!<\/p>\n\n\n\n<div class=\"wp-block-file\"><a id=\"wp-block-file--media-95f844e1-d2ae-42c1-bc9f-43ad3dd9a259\" href=\"https:\/\/nivalanerankavijat.com\/wp-content\/uploads\/2021\/03\/Metsastysvuokrasopimus2.pdf\">Metsastysvuokrasopimus2<\/a><a href=\"https:\/\/nivalanerankavijat.com\/wp-content\/uploads\/2021\/03\/Metsastysvuokrasopimus2.pdf\" class=\"wp-block-file__button wp-element-button\" download aria-describedby=\"wp-block-file--media-95f844e1-d2ae-42c1-bc9f-43ad3dd9a259\">Lataa<\/a><\/div>\n","protected":false},"excerpt":{"rendered":"<p>Nivalan Er\u00e4nk\u00e4vij\u00f6iden mets\u00e4stysalueet l\u00f6ytyv\u00e4t Reviiri-karttaohjelmasta. Reviiri-ohjelmistolla hallinnoidaan voimassaolevia ja p\u00e4\u00e4ttyvi\u00e4 maanvuokrasopimuksia. Reviirist\u00e4 n\u00e4hd\u00e4\u00e4n helposti voimassa olevat- sek\u00e4 umpeutumassa olevat maanvuokrasopimukset. Seuran jokainen j\u00e4sen voi alla olevalla lomakkeella solmia\/uusia maanvuokraussopimuksia maanomistajien kanssa. Reviiriin kirjautumisohjeet: Tracker-ohjelmiston kartat-v\u00e4lilehti\/Reviiri\/kirjaudu (Tracker-sovellus play- kaupasta) Reviiri-ohjelmisto verkossa https:\/\/reviiri.org\/ k\u00e4ytt\u00e4j\u00e4tunnus: nivalanerankavijat.1585@reviiri.org salasana: !Nivala2021!<\/p>\n","protected":false},"author":1,"featured_media":0,"parent":0,"menu_order":0,"comment_status":"closed","ping_status":"closed","template":"","meta":{"footnotes":""},"class_list":["post-233","page","type-page","status-publish","hentry"],"_links":{"self":[{"href":"https:\/\/nivalanerankavijat.com\/index.php?rest_route=\/wp\/v2\/pages\/233","targetHints":{"allow":["GET"]}}],"collection":[{"href":"https:\/\/nivalanerankavijat.com\/index.php?rest_route=\/wp\/v2\/pages"}],"about":[{"href":"https:\/\/nivalanerankavijat.com\/index.php?rest_route=\/wp\/v2\/types\/page"}],"author":[{"embeddable":true,"href":"https:\/\/nivalanerankavijat.com\/index.php?rest_route=\/wp\/v2\/users\/1"}],"replies":[{"embeddable":true,"href":"https:\/\/nivalanerankavijat.com\/index.php?rest_route=%2Fwp%2Fv2%2Fcomments&post=233"}],"version-history":[{"count":3,"href":"https:\/\/nivalanerankavijat.com\/index.php?rest_route=\/wp\/v2\/pages\/233\/revisions"}],"predecessor-version":[{"id":579,"href":"https:\/\/nivalanerankavijat.com\/index.php?rest_route=\/wp\/v2\/pages\/233\/revisions\/579"}],"wp:attachment":[{"href":"https:\/\/nivalanerankavijat.com\/index.php?rest_route=%2Fwp%2Fv2%2Fmedia&parent=233"}],"curies":[{"name":"wp","href":"https:\/\/api.w.org\/{rel}","templated":true}]}}