{"id":24,"date":"2019-08-09T12:50:24","date_gmt":"2019-08-09T09:50:24","guid":{"rendered":"http:\/\/nivalanerankavijat.com\/?page_id=24"},"modified":"2025-02-05T09:12:28","modified_gmt":"2025-02-05T07:12:28","slug":"johtokunta","status":"publish","type":"page","link":"https:\/\/nivalanerankavijat.com\/?page_id=24","title":{"rendered":"Johtokunta"},"content":{"rendered":"\n<figure class=\"wp-block-table alignleft is-style-stripes\"><table><tbody><tr><td>Vesa   Kumpum\u00e4ki, <strong>toiminnanohjaaja   <\/strong><\/td><td>  +358503514240<\/td><td>nivalan.erankavijat @ kotinet.com   <\/td><\/tr><tr><td>(johtokunnan   ulkopuolinen)   <\/td><td>\n  &nbsp;\n  <\/td><td>\n  &nbsp;\n  <\/td><\/tr><tr><td>\n  &nbsp;\n  <\/td><td>\n  &nbsp;\n  <\/td><td>\n  &nbsp;\n  <\/td><\/tr><tr><td>Pasi Sikala, <strong>puheenjohtaja   <\/strong><\/td><td>050-5067800   <\/td><td>psikala @ gmail.com   <\/td><\/tr><tr><td>Petteri   Heikkinen, <strong>varapuheenjohtaja <\/strong> <\/td><td>040-5422819   <\/td><td>kpetteri76 @   gmail.com   <\/td><\/tr><tr><td>Jukka   Koutonen   <\/td><td>044-7459311   <\/td><td>j.koutonen @ luukku.com   <\/td><\/tr><tr><td>Kimmo   Niemim\u00e4ki   <\/td><td>0400-443016   <\/td><td>kipparin67 @   gmail.com   <\/td><\/tr><tr><td>Ky\u00f6sti   Ohtamaa   <\/td><td>050-5462632   <\/td><td>ohtaky @   gmail.com   <\/td><\/tr><tr><td>Marko Nuolioja   <\/td><td>040-4139025  <\/td><td>marko.nuolioja @ icloud.com<\/td><\/tr><tr><td>Mari Honkala   <\/td><td>044-3493440 <\/td><td>mari.honkala @ gmail.com<\/td><\/tr><tr><td>Jarkko Toivoniemi<\/td><td>044-2786908<\/td><td>jarkko.toivoniemi @ hotmail.com<\/td><\/tr><tr><td>Arto Sikala<\/td><td>0400-794713  <\/td><td>arto_sikala   @ hotmail.com  <\/td><\/tr><tr><td>Asko   Toivoniemi   <\/td><td>050-5121790   <\/td><td>askosakari @   gmail.com   <\/td><\/tr><tr><td>Markus T\u00f6lli   <\/td><td>044-2786950   <\/td><td>markus.ttolli   @ gmail.com   <\/td><\/tr><tr><td>Annaleena   Joenv\u00e4\u00e4r\u00e4  <\/td><td>040-7650167   <\/td><td>annaleena.joenvaara   @ gmail.com   <\/td><\/tr><tr><td>Aatu Isoaho<\/td><td>040-7049964  <\/td><td>   <\/td><\/tr><\/tbody><\/table><\/figure>\n\n\n\n<p><br><br><br><br><br><\/p>\n","protected":false},"excerpt":{"rendered":"<p>Vesa Kumpum\u00e4ki, toiminnanohjaaja +358503514240 nivalan.erankavijat @ kotinet.com (johtokunnan ulkopuolinen) &nbsp; &nbsp; &nbsp; &nbsp; &nbsp; Pasi Sikala, puheenjohtaja 050-5067800 psikala @ gmail.com Petteri Heikkinen, varapuheenjohtaja 040-5422819 kpetteri76 @ gmail.com Jukka Koutonen 044-7459311 j.koutonen @ luukku.com Kimmo Niemim\u00e4ki 0400-443016 kipparin67 @ gmail.com Ky\u00f6sti Ohtamaa 050-5462632 ohtaky @ gmail.com Marko Nuolioja 040-4139025 marko.nuolioja @ icloud.com Mari Honkala 044-3493440 mari.honkala @ gmail.com Jarkko Toivoniemi 044-2786908 jarkko.toivoniemi @ hotmail.com Arto Sikala 0400-794713 arto_sikala @ hotmail.com Asko Toivoniemi 050-5121790 askosakari @ gmail.com Markus T\u00f6lli 044-2786950 markus.ttolli @ gmail.com Annaleena Joenv\u00e4\u00e4r\u00e4 040-7650167 annaleena.joenvaara @ gmail.com Aatu Isoaho 040-7049964<\/p>\n","protected":false},"author":1,"featured_media":0,"parent":0,"menu_order":0,"comment_status":"closed","ping_status":"closed","template":"","meta":{"footnotes":""},"class_list":["post-24","page","type-page","status-publish","hentry"],"_links":{"self":[{"href":"https:\/\/nivalanerankavijat.com\/index.php?rest_route=\/wp\/v2\/pages\/24","targetHints":{"allow":["GET"]}}],"collection":[{"href":"https:\/\/nivalanerankavijat.com\/index.php?rest_route=\/wp\/v2\/pages"}],"about":[{"href":"https:\/\/nivalanerankavijat.com\/index.php?rest_route=\/wp\/v2\/types\/page"}],"author":[{"embeddable":true,"href":"https:\/\/nivalanerankavijat.com\/index.php?rest_route=\/wp\/v2\/users\/1"}],"replies":[{"embeddable":true,"href":"https:\/\/nivalanerankavijat.com\/index.php?rest_route=%2Fwp%2Fv2%2Fcomments&post=24"}],"version-history":[{"count":24,"href":"https:\/\/nivalanerankavijat.com\/index.php?rest_route=\/wp\/v2\/pages\/24\/revisions"}],"predecessor-version":[{"id":1280,"href":"https:\/\/nivalanerankavijat.com\/index.php?rest_route=\/wp\/v2\/pages\/24\/revisions\/1280"}],"wp:attachment":[{"href":"https:\/\/nivalanerankavijat.com\/index.php?rest_route=%2Fwp%2Fv2%2Fmedia&parent=24"}],"curies":[{"name":"wp","href":"https:\/\/api.w.org\/{rel}","templated":true}]}}