{"id":27,"date":"2019-08-09T12:50:24","date_gmt":"2019-08-09T09:50:24","guid":{"rendered":"http:\/\/nivalanerankavijat.com\/?page_id=27"},"modified":"2024-09-04T12:52:24","modified_gmt":"2024-09-04T09:52:24","slug":"vieraskortit","status":"publish","type":"page","link":"https:\/\/nivalanerankavijat.com\/?page_id=27","title":{"rendered":"Vieraskortit"},"content":{"rendered":"\n<p><br>Nivalan Er\u00e4nk\u00e4vij\u00e4t ry. myy vieraskortteja pienriistanpyyntiin, turkisriistanpyyntiin, hirvestykseen ja koirankoulutukseen.<br><br>Vieraskortin voit hankkia helpoiten maksamalla maksun suoraan seuran tilille.<\/p>\n\n\n\n<p>Seuran tilinumero on&nbsp;<strong>FI63 5291 0840 0514 91<\/strong><\/p>\n\n\n\n<p>Maksuun viestiksi vieraan nimi, kenen vieraana ja mets\u00e4stysp\u00e4iv\u00e4m\u00e4\u00e4r\u00e4. Maksukuitti toimitetaan numeroon 041 314 6109<br><br><br>Vieraskorttien hinnat <strong>kaudelle 2024-2025<\/strong>:<br>\u25ba yhden (1) p\u00e4iv\u00e4n vieraskortti 20\u20ac<br>\u25ba kolmen (3) p\u00e4iv\u00e4n vieraskortti 40\u20ac (ns. viikonloppukortti)<br>\u25ba koirankoulutuslupa em. mukaisesti<br>\u25ba kausivieraskortti koiran koulutukseen 100\u20ac<\/p>\n\n\n\n<p>\u25ba Fasaanin vieraskortti 40\u20ac\/pv ja 80\u20ac\/3pv. Yhden p\u00e4iv\u00e4n vieraskortti sis\u00e4lt\u00e4\u00e4 yhden fasaanin pudotuksen ja kolmen p\u00e4iv\u00e4n kortti kaksi fasaania.<\/p>\n\n\n\n<p>Kausikortti 200\u20ac\/max. 10 kpl mets\u00e4styskausi (j\u00e4sen kiinti\u00f6t, ei hirvi\u00e4 eik\u00e4 metsoa). T\u00e4m\u00e4 vain toiminnanohjaajan kautta.<br><br>Vieraskortilla saa pyyt\u00e4\u00e4 yhden riistael\u00e4imen p\u00e4iv\u00e4ss\u00e4, paitsi ei metsoa. <br><br>Vieraskortilla mets\u00e4st\u00e4v\u00e4ll\u00e4 on oltava seuran j\u00e4sen mukana eik\u00e4 h\u00e4n voi ylitt\u00e4\u00e4 j\u00e4senelle m\u00e4\u00e4r\u00e4tty\u00e4 kiinti\u00f6t\u00e4. Peltopyylle ei myyd\u00e4 vieraskorttia.<br><\/p>\n\n\n\n<p>Turkisriistan pyyntiin esitet\u00e4\u00e4n mallia, joka on yhdenmukainen naapurikuntien seurojen kanssa. (Sama k\u00e4yt\u00e4nt\u00f6 kuin naapuriseuralla.) Ilmoitus pyynnist\u00e4 johtokunnan j\u00e4senelle.<\/p>\n\n\n\n<p><\/p>\n\n\n\n<p>Vieraskortteja myyd\u00e4\u00e4n netin kautta, sek\u00e4 toiminnanjohtajalta<br><\/p>\n","protected":false},"excerpt":{"rendered":"<p>Nivalan Er\u00e4nk\u00e4vij\u00e4t ry. myy vieraskortteja pienriistanpyyntiin, turkisriistanpyyntiin, hirvestykseen ja koirankoulutukseen. Vieraskortin voit hankkia helpoiten maksamalla maksun suoraan seuran tilille. Seuran tilinumero on&nbsp;FI63 5291 0840 0514 91 Maksuun viestiksi vieraan nimi, kenen vieraana ja mets\u00e4stysp\u00e4iv\u00e4m\u00e4\u00e4r\u00e4. Maksukuitti toimitetaan numeroon 041 314 6109 Vieraskorttien hinnat kaudelle 2024-2025:\u25ba yhden (1) p\u00e4iv\u00e4n vieraskortti 20\u20ac\u25ba kolmen (3) p\u00e4iv\u00e4n vieraskortti 40\u20ac (ns. viikonloppukortti)\u25ba koirankoulutuslupa em. mukaisesti\u25ba kausivieraskortti koiran koulutukseen 100\u20ac \u25ba Fasaanin vieraskortti 40\u20ac\/pv ja 80\u20ac\/3pv. Yhden p\u00e4iv\u00e4n vieraskortti sis\u00e4lt\u00e4\u00e4 yhden fasaanin pudotuksen ja kolmen p\u00e4iv\u00e4n kortti kaksi fasaania. Kausikortti 200\u20ac\/max. 10 kpl mets\u00e4styskausi (j\u00e4sen kiinti\u00f6t, ei hirvi\u00e4 eik\u00e4 metsoa). T\u00e4m\u00e4 vain toiminnanohjaajan kautta. Vieraskortilla saa pyyt\u00e4\u00e4 yhden riistael\u00e4imen p\u00e4iv\u00e4ss\u00e4, paitsi ei metsoa. Vieraskortilla mets\u00e4st\u00e4v\u00e4ll\u00e4 on oltava seuran j\u00e4sen mukana eik\u00e4 h\u00e4n voi ylitt\u00e4\u00e4 j\u00e4senelle m\u00e4\u00e4r\u00e4tty\u00e4 kiinti\u00f6t\u00e4. Peltopyylle ei myyd\u00e4 vieraskorttia. Turkisriistan pyyntiin esitet\u00e4\u00e4n mallia, joka on yhdenmukainen naapurikuntien seurojen kanssa. (Sama k\u00e4yt\u00e4nt\u00f6 kuin naapuriseuralla.) Ilmoitus pyynnist\u00e4 johtokunnan j\u00e4senelle. Vieraskortteja myyd\u00e4\u00e4n netin kautta, sek\u00e4 toiminnanjohtajalta<\/p>\n","protected":false},"author":1,"featured_media":0,"parent":0,"menu_order":0,"comment_status":"closed","ping_status":"closed","template":"","meta":{"footnotes":""},"class_list":["post-27","page","type-page","status-publish","hentry"],"_links":{"self":[{"href":"https:\/\/nivalanerankavijat.com\/index.php?rest_route=\/wp\/v2\/pages\/27","targetHints":{"allow":["GET"]}}],"collection":[{"href":"https:\/\/nivalanerankavijat.com\/index.php?rest_route=\/wp\/v2\/pages"}],"about":[{"href":"https:\/\/nivalanerankavijat.com\/index.php?rest_route=\/wp\/v2\/types\/page"}],"author":[{"embeddable":true,"href":"https:\/\/nivalanerankavijat.com\/index.php?rest_route=\/wp\/v2\/users\/1"}],"replies":[{"embeddable":true,"href":"https:\/\/nivalanerankavijat.com\/index.php?rest_route=%2Fwp%2Fv2%2Fcomments&post=27"}],"version-history":[{"count":20,"href":"https:\/\/nivalanerankavijat.com\/index.php?rest_route=\/wp\/v2\/pages\/27\/revisions"}],"predecessor-version":[{"id":1152,"href":"https:\/\/nivalanerankavijat.com\/index.php?rest_route=\/wp\/v2\/pages\/27\/revisions\/1152"}],"wp:attachment":[{"href":"https:\/\/nivalanerankavijat.com\/index.php?rest_route=%2Fwp%2Fv2%2Fmedia&parent=27"}],"curies":[{"name":"wp","href":"https:\/\/api.w.org\/{rel}","templated":true}]}}