{"id":28,"date":"2019-08-09T12:50:24","date_gmt":"2019-08-09T09:50:24","guid":{"rendered":"http:\/\/nivalanerankavijat.com\/?page_id=28"},"modified":"2024-03-19T09:30:01","modified_gmt":"2024-03-19T07:30:01","slug":"yhteystiedot","status":"publish","type":"page","link":"https:\/\/nivalanerankavijat.com\/?page_id=28","title":{"rendered":"Yhteystiedot"},"content":{"rendered":"\n<p><br><strong>Toimitalon osoite <\/strong><br>Pyssym\u00e4entie 64, Nivala <br><br><strong>Puheenjohtaja<\/strong><br>Pasi Sikala<br>psikala @ gmail.com<br>050-5067800<br> <br><strong>Varapuheenjohtaja<\/strong><br>Petteri Heikkinen,\u00a0<br>kpetteri76 @ gmail.com<br>040-5422819 <br><br><strong>Toiminnanohjaaja \/ Sihteeri \/ Rahastonhoitaja<\/strong><br>Vesa Kumpum\u00e4ki<br>Vapaudentie 12 A 6, 85500 Nivala<br>+358503514240<br>nivalan.erankavijat @ kotinet.com<br><br><strong>Koko johtokunnan yhteystiedot<\/strong><br><a href=\"https:\/\/nivalanerankavijat.com\/?page_id=24\">Johtokunta<\/a><br><br><strong>Kenneljaoston puheenjohtaja<\/strong><br>Mari Honkala<br>mari. honkala @ gmail.com<br><br><strong>Ampumajaoston puheenjohtaja<\/strong><br>Anne T\u00f6lli<br>tollister @ gmail.com<br><br><strong>WWW-sivut<\/strong><br><br>Mari Honkala<br>mari.honkala @ gmail.com<br><br>ja <br><br>Anne T\u00f6lli<br>tollister @ gmail.com<br><br><strong>HUOM!<\/strong> Nettisivujen p\u00e4ivitystoiveet <strong>hyviss\u00e4 ajoin ennen tapahtumaa tms. S\u00c4HK\u00d6POSTITSE<\/strong> (esim. koirakokeisiin liittyv\u00e4t rauhoitusalueet yms.)<br><br><br>* * * * * * * * * * * * * * * * * * * * * * * * * * * * * * * * * * * * * * <br><br><strong>Nivalan riistanhoitoyhdistys<\/strong><br>nivala @ rhy.riista.fi<br>&#8211; muut ajantasaiset yhteystiedot: <a href=\"https:\/\/riista.fi\/riistahallinto\/yhteystiedot\/yhteystietohaku\/\">https:\/\/riista.fi\/riistahallinto\/yhteystiedot\/yhteystietohaku\/<\/a> <br>&#8211; ampumakokeet, mets\u00e4st\u00e4j\u00e4tutkinnot, muut rhy-tapahtumat <a href=\"https:\/\/riista.fi\/metsastys\/tapahtumahaku\/\">https:\/\/riista.fi\/metsastys\/tapahtumahaku\/<\/a><br><br><\/p>\n","protected":false},"excerpt":{"rendered":"<p>Toimitalon osoite Pyssym\u00e4entie 64, Nivala PuheenjohtajaPasi Sikalapsikala @ gmail.com050-5067800 VarapuheenjohtajaPetteri Heikkinen,\u00a0kpetteri76 @ gmail.com040-5422819 Toiminnanohjaaja \/ Sihteeri \/ RahastonhoitajaVesa Kumpum\u00e4kiVapaudentie 12 A 6, 85500 Nivala+358503514240nivalan.erankavijat @ kotinet.com Koko johtokunnan yhteystiedotJohtokunta Kenneljaoston puheenjohtajaMari Honkalamari. honkala @ gmail.com Ampumajaoston puheenjohtajaAnne T\u00f6llitollister @ gmail.com WWW-sivut Mari Honkalamari.honkala @ gmail.com ja Anne T\u00f6llitollister @ gmail.com HUOM! Nettisivujen p\u00e4ivitystoiveet hyviss\u00e4 ajoin ennen tapahtumaa tms. S\u00c4HK\u00d6POSTITSE (esim. koirakokeisiin liittyv\u00e4t rauhoitusalueet yms.) * * * * * * * * * * * * * * * * * * * * * * * * * * * * * * * * * * * * * * Nivalan riistanhoitoyhdistysnivala @ rhy.riista.fi&#8211; muut ajantasaiset yhteystiedot: https:\/\/riista.fi\/riistahallinto\/yhteystiedot\/yhteystietohaku\/ &#8211; ampumakokeet, mets\u00e4st\u00e4j\u00e4tutkinnot, muut rhy-tapahtumat https:\/\/riista.fi\/metsastys\/tapahtumahaku\/<\/p>\n","protected":false},"author":1,"featured_media":0,"parent":0,"menu_order":0,"comment_status":"closed","ping_status":"closed","template":"","meta":{"footnotes":""},"class_list":["post-28","page","type-page","status-publish","hentry"],"_links":{"self":[{"href":"https:\/\/nivalanerankavijat.com\/index.php?rest_route=\/wp\/v2\/pages\/28","targetHints":{"allow":["GET"]}}],"collection":[{"href":"https:\/\/nivalanerankavijat.com\/index.php?rest_route=\/wp\/v2\/pages"}],"about":[{"href":"https:\/\/nivalanerankavijat.com\/index.php?rest_route=\/wp\/v2\/types\/page"}],"author":[{"embeddable":true,"href":"https:\/\/nivalanerankavijat.com\/index.php?rest_route=\/wp\/v2\/users\/1"}],"replies":[{"embeddable":true,"href":"https:\/\/nivalanerankavijat.com\/index.php?rest_route=%2Fwp%2Fv2%2Fcomments&post=28"}],"version-history":[{"count":26,"href":"https:\/\/nivalanerankavijat.com\/index.php?rest_route=\/wp\/v2\/pages\/28\/revisions"}],"predecessor-version":[{"id":1053,"href":"https:\/\/nivalanerankavijat.com\/index.php?rest_route=\/wp\/v2\/pages\/28\/revisions\/1053"}],"wp:attachment":[{"href":"https:\/\/nivalanerankavijat.com\/index.php?rest_route=%2Fwp%2Fv2%2Fmedia&parent=28"}],"curies":[{"name":"wp","href":"https:\/\/api.w.org\/{rel}","templated":true}]}}