{"id":289,"date":"2021-06-12T16:39:59","date_gmt":"2021-06-12T13:39:59","guid":{"rendered":"http:\/\/nivalanerankavijat.com\/?page_id=289"},"modified":"2023-06-10T20:42:00","modified_gmt":"2023-06-10T17:42:00","slug":"jaseneksi","status":"publish","type":"page","link":"https:\/\/nivalanerankavijat.com\/?page_id=289","title":{"rendered":"J\u00e4seneksi"},"content":{"rendered":"\n<p>T\u00e4yt\u00e4 j\u00e4senhakemus ja toimita se seuran toiminnanohjaajalle. Toiminnanohjaajan yhteystiedot l\u00f6yd\u00e4t t\u00e4\u00e4lt\u00e4: <a href=\"https:\/\/nivalanerankavijat.com\/?page_id=28\">https:\/\/nivalanerankavijat.com\/?page_id=28 <\/a><br><br>J\u00e4senhakemuksen l\u00f6yd\u00e4t t\u00e4st\u00e4:<\/p>\n\n\n\n<div data-wp-interactive=\"core\/file\" class=\"wp-block-file\"><object data-wp-bind--hidden=\"!state.hasPdfPreview\" hidden class=\"wp-block-file__embed\" data=\"https:\/\/nivalanerankavijat.com\/wp-content\/uploads\/2023\/06\/Jasenhakemus-1.pdf\" type=\"application\/pdf\" style=\"width:100%;height:600px\" aria-label=\"Tiedoston Jasenhakemus-1 upotus.\"><\/object><a id=\"wp-block-file--media-89067394-f6ae-4fa9-bf9e-5ba1f667236c\" href=\"https:\/\/nivalanerankavijat.com\/wp-content\/uploads\/2023\/06\/Jasenhakemus-1.pdf\">Jasenhakemus-1<\/a><a href=\"https:\/\/nivalanerankavijat.com\/wp-content\/uploads\/2023\/06\/Jasenhakemus-1.pdf\" class=\"wp-block-file__button wp-element-button\" download aria-describedby=\"wp-block-file--media-89067394-f6ae-4fa9-bf9e-5ba1f667236c\">Lataa<\/a><\/div>\n\n\n\n<p><\/p>\n","protected":false},"excerpt":{"rendered":"<p>T\u00e4yt\u00e4 j\u00e4senhakemus ja toimita se seuran toiminnanohjaajalle. Toiminnanohjaajan yhteystiedot l\u00f6yd\u00e4t t\u00e4\u00e4lt\u00e4: https:\/\/nivalanerankavijat.com\/?page_id=28 J\u00e4senhakemuksen l\u00f6yd\u00e4t t\u00e4st\u00e4:<\/p>\n","protected":false},"author":1,"featured_media":0,"parent":0,"menu_order":0,"comment_status":"closed","ping_status":"closed","template":"","meta":{"footnotes":""},"class_list":["post-289","page","type-page","status-publish","hentry"],"_links":{"self":[{"href":"https:\/\/nivalanerankavijat.com\/index.php?rest_route=\/wp\/v2\/pages\/289","targetHints":{"allow":["GET"]}}],"collection":[{"href":"https:\/\/nivalanerankavijat.com\/index.php?rest_route=\/wp\/v2\/pages"}],"about":[{"href":"https:\/\/nivalanerankavijat.com\/index.php?rest_route=\/wp\/v2\/types\/page"}],"author":[{"embeddable":true,"href":"https:\/\/nivalanerankavijat.com\/index.php?rest_route=\/wp\/v2\/users\/1"}],"replies":[{"embeddable":true,"href":"https:\/\/nivalanerankavijat.com\/index.php?rest_route=%2Fwp%2Fv2%2Fcomments&post=289"}],"version-history":[{"count":6,"href":"https:\/\/nivalanerankavijat.com\/index.php?rest_route=\/wp\/v2\/pages\/289\/revisions"}],"predecessor-version":[{"id":680,"href":"https:\/\/nivalanerankavijat.com\/index.php?rest_route=\/wp\/v2\/pages\/289\/revisions\/680"}],"wp:attachment":[{"href":"https:\/\/nivalanerankavijat.com\/index.php?rest_route=%2Fwp%2Fv2%2Fmedia&parent=289"}],"curies":[{"name":"wp","href":"https:\/\/api.w.org\/{rel}","templated":true}]}}