{"id":425,"date":"2022-09-05T18:56:13","date_gmt":"2022-09-05T15:56:13","guid":{"rendered":"http:\/\/nivalanerankavijat.com\/?page_id=425"},"modified":"2022-09-06T05:41:59","modified_gmt":"2022-09-06T02:41:59","slug":"tulokset","status":"publish","type":"page","link":"https:\/\/nivalanerankavijat.com\/?page_id=425","title":{"rendered":"Tulokset"},"content":{"rendered":"\n<div class=\"wp-block-file\"><a href=\"https:\/\/nivalanerankavijat.com\/wp-content\/uploads\/2022\/09\/comp_sport_pitajanmest_2022.pdf\">Compak\/Sporting pit\u00e4j\u00e4nmestaruus 2022<\/a><a href=\"https:\/\/nivalanerankavijat.com\/wp-content\/uploads\/2022\/09\/comp_sport_pitajanmest_2022.pdf\" class=\"wp-block-file__button\" download>Lataa<\/a><\/div>\n\n\n\n<figure class=\"wp-block-image is-resized\"><img loading=\"lazy\" decoding=\"async\" src=\"https:\/\/nivalanerankavijat.com\/wp-content\/uploads\/2022\/09\/jani-1-768x1024.jpg\" alt=\"\" class=\"wp-image-478\" width=\"271\" height=\"361\" srcset=\"https:\/\/nivalanerankavijat.com\/wp-content\/uploads\/2022\/09\/jani-1-768x1024.jpg 768w, https:\/\/nivalanerankavijat.com\/wp-content\/uploads\/2022\/09\/jani-1-225x300.jpg 225w, https:\/\/nivalanerankavijat.com\/wp-content\/uploads\/2022\/09\/jani-1-1140x1520.jpg 1140w\" sizes=\"auto, (max-width: 271px) 100vw, 271px\" \/><figcaption>Compakin ja Sportingin pit\u00e4j\u00e4nmestari 2022 Jani Pennanen<\/figcaption><\/figure>\n\n\n\n<p><\/p>\n\n\n\n<div class=\"wp-block-file\"><a href=\"https:\/\/nivalanerankavijat.com\/wp-content\/uploads\/2022\/09\/Pit.mest-Trap-2022.pdf\">Mets\u00e4stystrap\/1-trap pit\u00e4j\u00e4nmestaruus 2022<\/a><a href=\"https:\/\/nivalanerankavijat.com\/wp-content\/uploads\/2022\/09\/Pit.mest-Trap-2022.pdf\" class=\"wp-block-file__button\" download>Lataa<\/a><\/div>\n\n\n\n<figure class=\"wp-block-image is-resized\"><img loading=\"lazy\" decoding=\"async\" src=\"https:\/\/nivalanerankavijat.com\/wp-content\/uploads\/2022\/09\/Pit\u00e4j\u00e4nmest.-trap-1-768x1024.jpg\" alt=\"\" class=\"wp-image-481\" width=\"281\" height=\"375\" srcset=\"https:\/\/nivalanerankavijat.com\/wp-content\/uploads\/2022\/09\/Pit\u00e4j\u00e4nmest.-trap-1-768x1024.jpg 768w, https:\/\/nivalanerankavijat.com\/wp-content\/uploads\/2022\/09\/Pit\u00e4j\u00e4nmest.-trap-1-225x300.jpg 225w, https:\/\/nivalanerankavijat.com\/wp-content\/uploads\/2022\/09\/Pit\u00e4j\u00e4nmest.-trap-1-1140x1520.jpg 1140w\" sizes=\"auto, (max-width: 281px) 100vw, 281px\" \/><figcaption>Mets\u00e4stystrapin pit\u00e4j\u00e4nmestari Pasi Kutonen, 1-trapin pit\u00e4j\u00e4nmestari Jukka T\u00f6lli<\/figcaption><\/figure>\n\n\n\n<div class=\"wp-block-file\"><a href=\"https:\/\/nivalanerankavijat.com\/wp-content\/uploads\/2022\/09\/Mh-skeet-pit.mest-2022.pdf\">Mets\u00e4styshaulikko\/skeet 2022<\/a><a href=\"https:\/\/nivalanerankavijat.com\/wp-content\/uploads\/2022\/09\/Mh-skeet-pit.mest-2022.pdf\" class=\"wp-block-file__button\" download>Lataa<\/a><\/div>\n\n\n\n<figure class=\"wp-block-image is-resized\"><img loading=\"lazy\" decoding=\"async\" src=\"https:\/\/nivalanerankavijat.com\/wp-content\/uploads\/2022\/09\/pitmest-768x1024.jpg\" alt=\"\" class=\"wp-image-483\" width=\"280\" height=\"373\" srcset=\"https:\/\/nivalanerankavijat.com\/wp-content\/uploads\/2022\/09\/pitmest-768x1024.jpg 768w, https:\/\/nivalanerankavijat.com\/wp-content\/uploads\/2022\/09\/pitmest-225x300.jpg 225w, https:\/\/nivalanerankavijat.com\/wp-content\/uploads\/2022\/09\/pitmest-1140x1520.jpg 1140w\" sizes=\"auto, (max-width: 280px) 100vw, 280px\" \/><figcaption>Mets\u00e4styshaulikon pit\u00e4j\u00e4nmestari Erno Heiska, skeetin pit\u00e4j\u00e4nmestari Jukka T\u00f6lli.<br>Jukka T\u00f6llille kuuden lajin kokonaiskilpailun voitto<\/figcaption><\/figure>\n\n\n\n<p><\/p>\n","protected":false},"excerpt":{"rendered":"","protected":false},"author":1,"featured_media":0,"parent":0,"menu_order":0,"comment_status":"closed","ping_status":"closed","template":"","meta":{"footnotes":""},"class_list":["post-425","page","type-page","status-publish","hentry"],"_links":{"self":[{"href":"https:\/\/nivalanerankavijat.com\/index.php?rest_route=\/wp\/v2\/pages\/425","targetHints":{"allow":["GET"]}}],"collection":[{"href":"https:\/\/nivalanerankavijat.com\/index.php?rest_route=\/wp\/v2\/pages"}],"about":[{"href":"https:\/\/nivalanerankavijat.com\/index.php?rest_route=\/wp\/v2\/types\/page"}],"author":[{"embeddable":true,"href":"https:\/\/nivalanerankavijat.com\/index.php?rest_route=\/wp\/v2\/users\/1"}],"replies":[{"embeddable":true,"href":"https:\/\/nivalanerankavijat.com\/index.php?rest_route=%2Fwp%2Fv2%2Fcomments&post=425"}],"version-history":[{"count":10,"href":"https:\/\/nivalanerankavijat.com\/index.php?rest_route=\/wp\/v2\/pages\/425\/revisions"}],"predecessor-version":[{"id":484,"href":"https:\/\/nivalanerankavijat.com\/index.php?rest_route=\/wp\/v2\/pages\/425\/revisions\/484"}],"wp:attachment":[{"href":"https:\/\/nivalanerankavijat.com\/index.php?rest_route=%2Fwp%2Fv2%2Fmedia&parent=425"}],"curies":[{"name":"wp","href":"https:\/\/api.w.org\/{rel}","templated":true}]}}