{"id":430,"date":"2022-09-05T19:17:47","date_gmt":"2022-09-05T16:17:47","guid":{"rendered":"http:\/\/nivalanerankavijat.com\/?page_id=430"},"modified":"2025-12-03T08:26:22","modified_gmt":"2025-12-03T06:26:22","slug":"koirakokeet-2022-2023","status":"publish","type":"page","link":"https:\/\/nivalanerankavijat.com\/?page_id=430","title":{"rendered":"Maastovaraukset ja koekalenteri 2025-2026"},"content":{"rendered":"\n<p>Nivalassa j\u00e4rjestett\u00e4v\u00e4t kokeet<\/p>\n\n\n\n<figure class=\"wp-block-table\"><table><tbody><tr><td>HIRV<\/td><td>KEAJ<\/td><td>AJOK<\/td><td>LINT<\/td><td>KAER<\/td><\/tr><tr><td>30.12.2025<\/td><td>&nbsp;<\/td><td>7.2.2026<\/td><td><\/td><td><\/td><\/tr><tr><td><\/td><td>&nbsp;<\/td><td><\/td><td>&nbsp;<\/td><td><\/td><\/tr><tr><td>&nbsp;<\/td><td>&nbsp;<\/td><td><\/td><td>&nbsp;<\/td><td>&nbsp;<\/td><\/tr><\/tbody><\/table><\/figure>\n\n\n\n<p>Maastovaraukset<\/p>\n\n\n\n<figure class=\"wp-block-table\"><table><tbody><tr><td>HIRV<\/td><td>KEAJ<\/td><td>AJOK<\/td><td>LINT<\/td><td>KAKE<\/td><\/tr><tr><td>5.12.2025<\/td><td><\/td><td>13.12.2025<\/td><td><\/td><td><\/td><\/tr><tr><td><\/td><td><\/td><td>20.12.2025<\/td><td><\/td><td><\/td><\/tr><tr><td><\/td><td><\/td><td><\/td><td><\/td><td>&nbsp;<\/td><\/tr><tr><td><\/td><td><\/td><td><\/td><td><\/td><td>&nbsp;<\/td><\/tr><tr><td><\/td><td>&nbsp;<\/td><td><\/td><td>&nbsp;<\/td><td>&nbsp;<\/td><\/tr><tr><td><\/td><td>&nbsp;<\/td><td>&nbsp;<\/td><td>&nbsp;<\/td><td>&nbsp;<\/td><\/tr><tr><td><\/td><td>&nbsp;<\/td><td>&nbsp;<\/td><td>&nbsp;<\/td><td>&nbsp;<\/td><\/tr><tr><td>&nbsp;<\/td><td>&nbsp;<\/td><td>&nbsp;<\/td><td>&nbsp;<\/td><td><\/td><\/tr><\/tbody><\/table><\/figure>\n\n\n\n<p><\/p>\n\n\n\n<p><strong>Vastuuhenkil\u00f6iden teht\u00e4v\u00e4 on huolehtia muistioilmoitus Nivala-lehteen!!!<\/strong><\/p>\n\n\n\n<p>Ajok: Ari-Pekka Saarimaa 0400 492 559<\/p>\n\n\n\n<p>Hirv: Kimmo Niemim\u00e4ki 0400 443 016<\/p>\n\n\n\n<p>Lint: Aatu Isoaho 040 704 9964<\/p>\n\n\n\n<p>Kaer: Olli Suorsa 0400 188 371<\/p>\n\n\n\n<p><\/p>\n\n\n\n<p><strong>Maastovaraukset l\u00f6yd\u00e4t &#8221;ajankohtaista-v\u00e4lilehdest\u00e4&#8221;, sek\u00e4 Nivalan er\u00e4nk\u00e4vij\u00e4t fb-sivuilta!<\/strong><\/p>\n","protected":false},"excerpt":{"rendered":"<p>Nivalassa j\u00e4rjestett\u00e4v\u00e4t kokeet HIRV KEAJ AJOK LINT KAER 30.12.2025 &nbsp; 7.2.2026 &nbsp; &nbsp; &nbsp; &nbsp; &nbsp; &nbsp; Maastovaraukset HIRV KEAJ AJOK LINT KAKE 5.12.2025 13.12.2025 20.12.2025 &nbsp; &nbsp; &nbsp; &nbsp; &nbsp; &nbsp; &nbsp; &nbsp; &nbsp; &nbsp; &nbsp; &nbsp; &nbsp; &nbsp; &nbsp; &nbsp; &nbsp; Vastuuhenkil\u00f6iden teht\u00e4v\u00e4 on huolehtia muistioilmoitus Nivala-lehteen!!! Ajok: Ari-Pekka Saarimaa 0400 492 559 Hirv: Kimmo Niemim\u00e4ki 0400 443 016 Lint: Aatu Isoaho 040 704 9964 Kaer: Olli Suorsa 0400 188 371 Maastovaraukset l\u00f6yd\u00e4t &#8221;ajankohtaista-v\u00e4lilehdest\u00e4&#8221;, sek\u00e4 Nivalan er\u00e4nk\u00e4vij\u00e4t fb-sivuilta!<\/p>\n","protected":false},"author":2,"featured_media":0,"parent":0,"menu_order":0,"comment_status":"closed","ping_status":"closed","template":"","meta":{"footnotes":""},"class_list":["post-430","page","type-page","status-publish","hentry"],"_links":{"self":[{"href":"https:\/\/nivalanerankavijat.com\/index.php?rest_route=\/wp\/v2\/pages\/430","targetHints":{"allow":["GET"]}}],"collection":[{"href":"https:\/\/nivalanerankavijat.com\/index.php?rest_route=\/wp\/v2\/pages"}],"about":[{"href":"https:\/\/nivalanerankavijat.com\/index.php?rest_route=\/wp\/v2\/types\/page"}],"author":[{"embeddable":true,"href":"https:\/\/nivalanerankavijat.com\/index.php?rest_route=\/wp\/v2\/users\/2"}],"replies":[{"embeddable":true,"href":"https:\/\/nivalanerankavijat.com\/index.php?rest_route=%2Fwp%2Fv2%2Fcomments&post=430"}],"version-history":[{"count":73,"href":"https:\/\/nivalanerankavijat.com\/index.php?rest_route=\/wp\/v2\/pages\/430\/revisions"}],"predecessor-version":[{"id":1367,"href":"https:\/\/nivalanerankavijat.com\/index.php?rest_route=\/wp\/v2\/pages\/430\/revisions\/1367"}],"wp:attachment":[{"href":"https:\/\/nivalanerankavijat.com\/index.php?rest_route=%2Fwp%2Fv2%2Fmedia&parent=430"}],"curies":[{"name":"wp","href":"https:\/\/api.w.org\/{rel}","templated":true}]}}