{"id":444,"date":"2022-09-05T19:41:01","date_gmt":"2022-09-05T16:41:01","guid":{"rendered":"http:\/\/nivalanerankavijat.com\/?page_id=444"},"modified":"2023-08-09T23:10:20","modified_gmt":"2023-08-09T20:10:20","slug":"hirvenjuoksun-sm-2023","status":"publish","type":"page","link":"https:\/\/nivalanerankavijat.com\/?page_id=444","title":{"rendered":"Hirvenjuoksun SM 2023"},"content":{"rendered":"<div class=\"wp-block-image\">\n<figure class=\"alignright size-full is-resized\"><img loading=\"lazy\" decoding=\"async\" src=\"https:\/\/nivalanerankavijat.com\/wp-content\/uploads\/2023\/07\/LOGO.png\" alt=\"\" class=\"wp-image-719\" width=\"294\" height=\"289\" srcset=\"https:\/\/nivalanerankavijat.com\/wp-content\/uploads\/2023\/07\/LOGO.png 195w, https:\/\/nivalanerankavijat.com\/wp-content\/uploads\/2023\/07\/LOGO-75x75.png 75w\" sizes=\"auto, (max-width: 294px) 100vw, 294px\" \/><\/figure>\n<\/div>\n\n\n<div class=\"wp-block-group\"><div class=\"wp-block-group__inner-container is-layout-flow wp-block-group-is-layout-flow\">\n<pre class=\"wp-block-verse has-text-align-center has-medium-font-size\">Seuramme j\u00e4rjest\u00e4\u00e4 hirvenjuoksun SM-kisat 4.8.-6.8.2023<\/pre>\n<\/div><\/div>\n\n\n\n<div style=\"height:72px\" aria-hidden=\"true\" class=\"wp-block-spacer\"><\/div>\n\n\n\n<div class=\"wp-block-buttons has-custom-font-size has-medium-font-size is-layout-flex wp-block-buttons-is-layout-flex\">\n<div class=\"wp-block-button has-custom-font-size is-style-outline is-style-outline--1\" style=\"font-size:32px\"><a class=\"wp-block-button__link has-black-color has-vivid-green-cyan-background-color has-text-color has-background wp-element-button\" href=\"https:\/\/www.hirviurheilu.com\/races\/5215\" target=\"_blank\" rel=\"noreferrer noopener\">Tulokset hirvik\u00e4vely<\/a><\/div>\n\n\n\n<div class=\"wp-block-button has-custom-font-size is-style-outline is-style-outline--2\" style=\"font-size:32px\"><a class=\"wp-block-button__link has-black-color has-vivid-green-cyan-background-color has-text-color has-background wp-element-button\" href=\"https:\/\/www.hirviurheilu.com\/races\/5216\" target=\"_blank\" rel=\"noreferrer noopener\">Tulokset hirvenjuoksu<\/a><\/div>\n<\/div>\n\n\n\n<div style=\"height:42px\" aria-hidden=\"true\" class=\"wp-block-spacer\"><\/div>\n\n\n\n<div class=\"wp-block-buttons is-layout-flex wp-block-buttons-is-layout-flex\">\n<div class=\"wp-block-button has-custom-font-size is-style-outline is-style-outline--3\" style=\"font-size:32px\"><a class=\"wp-block-button__link has-black-color has-vivid-green-cyan-background-color has-text-color has-background wp-element-button\" href=\"https:\/\/www.hirviurheilu.com\/races\/5217\" target=\"_blank\" rel=\"noreferrer noopener\">Tulokset viestit<\/a><\/div>\n<\/div>\n\n\n\n<div style=\"height:38px\" aria-hidden=\"true\" class=\"wp-block-spacer\"><\/div>\n\n\n\n<div class=\"wp-block-buttons is-layout-flex wp-block-buttons-is-layout-flex\">\n<div class=\"wp-block-button has-custom-font-size is-style-outline is-style-outline--4\" style=\"font-size:24px\"><a class=\"wp-block-button__link has-black-color has-vivid-red-background-color has-text-color has-background wp-element-button\" href=\"https:\/\/nivalanerankavijat.com\/wp-content\/uploads\/2023\/08\/Hirvenkavely-ammunta-ajat.pdf\" target=\"_blank\" rel=\"noreferrer noopener\">Ammunta-ajat hirvik\u00e4vely<\/a><\/div>\n\n\n\n<div class=\"wp-block-button has-custom-font-size is-style-outline is-style-outline--5\" style=\"font-size:24px\"><a class=\"wp-block-button__link has-black-color has-vivid-red-background-color has-text-color has-background wp-element-button\" href=\"https:\/\/nivalanerankavijat.com\/wp-content\/uploads\/2023\/08\/Hirvenjuoksu-ammunta-ajat.pdf\" target=\"_blank\" rel=\"noreferrer noopener\">Ammunta-ajat hirvenjuoksu<\/a><\/div>\n<\/div>\n\n\n\n<div style=\"height:44px\" aria-hidden=\"true\" class=\"wp-block-spacer\"><\/div>\n\n\n\n<div class=\"wp-block-buttons is-layout-flex wp-block-buttons-is-layout-flex\">\n<div class=\"wp-block-button has-custom-font-size is-style-outline is-style-outline--6\" style=\"font-size:32px\"><a class=\"wp-block-button__link has-pale-cyan-blue-background-color has-background wp-element-button\" href=\"https:\/\/nivalanerankavijat.com\/?page_id=643\" target=\"_blank\" rel=\"noreferrer noopener\">Majoitus<\/a><\/div>\n<\/div>\n\n\n\n<div style=\"height:50px\" aria-hidden=\"true\" class=\"wp-block-spacer\"><\/div>\n\n\n\n<div class=\"wp-block-buttons is-layout-flex wp-block-buttons-is-layout-flex\">\n<div class=\"wp-block-button has-custom-font-size is-style-outline is-style-outline--7\" style=\"font-size:32px\"><a class=\"wp-block-button__link has-pale-cyan-blue-background-color has-background wp-element-button\" href=\"https:\/\/nivalanerankavijat.com\/wp-content\/uploads\/2023\/06\/Kilpailukutsu_HirvenjuoksunSM2023-2.pdf\" target=\"_blank\" rel=\"noreferrer noopener\">Kilpailukutsu<\/a><\/div>\n<\/div>\n\n\n\n<div style=\"height:50px\" aria-hidden=\"true\" class=\"wp-block-spacer\"><\/div>\n\n\n\n<div class=\"wp-block-buttons is-layout-flex wp-block-buttons-is-layout-flex\">\n<div class=\"wp-block-button has-custom-font-size is-style-outline is-style-outline--8\" style=\"font-size:32px\"><a class=\"wp-block-button__link has-pale-cyan-blue-background-color has-background wp-element-button\" href=\"https:\/\/nivalanerankavijat.com\/wp-content\/uploads\/2023\/07\/Kilpailuohje-SM-2023-3.pdf\" target=\"_blank\" rel=\"noreferrer noopener\">Kilpailuohjeet<\/a><\/div>\n<\/div>\n\n\n\n<div style=\"height:50px\" aria-hidden=\"true\" class=\"wp-block-spacer\"><\/div>\n\n\n\n<div class=\"wp-block-buttons is-layout-flex wp-block-buttons-is-layout-flex\">\n<div class=\"wp-block-button is-style-outline is-style-outline--9\"><a class=\"wp-block-button__link has-light-green-cyan-background-color has-background wp-element-button\" href=\"https:\/\/nivalanerankavijat.com\/wp-content\/uploads\/2023\/07\/Hirvikavelyn-reittikartta.pdf\" target=\"_blank\" rel=\"noreferrer noopener\">Reittikartta hirvik\u00e4vely<\/a><\/div>\n\n\n\n<div class=\"wp-block-button is-style-outline is-style-outline--10\"><a class=\"wp-block-button__link has-light-green-cyan-background-color has-background wp-element-button\" href=\"https:\/\/nivalanerankavijat.com\/wp-content\/uploads\/2023\/07\/Hirvenjuoksun-reittikartta.pdf\" target=\"_blank\" rel=\"noreferrer noopener\">Reittikartta hirvenjuoksu<\/a><\/div>\n\n\n\n<div class=\"wp-block-button is-style-outline is-style-outline--11\"><a class=\"wp-block-button__link has-light-green-cyan-background-color has-background wp-element-button\" href=\"https:\/\/nivalanerankavijat.com\/wp-content\/uploads\/2023\/07\/Viestin-reittikartta.pdf\" target=\"_blank\" rel=\"noreferrer noopener\">Reittikartta viestit<\/a><\/div>\n<\/div>\n\n\n\n<div class=\"wp-block-group\"><div class=\"wp-block-group__inner-container is-layout-constrained wp-block-group-is-layout-constrained\">\n<div class=\"wp-block-columns is-layout-flex wp-container-core-columns-is-layout-28f84493 wp-block-columns-is-layout-flex\">\n<div class=\"wp-block-column is-layout-flow wp-block-column-is-layout-flow\"><\/div>\n<\/div>\n<\/div><\/div>\n\n\n\n<div style=\"height:52px\" aria-hidden=\"true\" class=\"wp-block-spacer\"><\/div>\n\n\n\n<div class=\"wp-block-buttons is-layout-flex wp-block-buttons-is-layout-flex\">\n<div class=\"wp-block-button is-style-outline is-style-outline--12\"><a class=\"wp-block-button__link has-black-color has-luminous-vivid-amber-background-color has-text-color has-background wp-element-button\" href=\"https:\/\/nivalanerankavijat.com\/?page_id=841\" target=\"_blank\" rel=\"noreferrer noopener\">Suojelijan tervehdys<\/a><\/div>\n<\/div>\n\n\n\n<div style=\"height:44px\" aria-hidden=\"true\" class=\"wp-block-spacer\"><\/div>\n\n\n\n<div class=\"wp-block-buttons is-layout-flex wp-block-buttons-is-layout-flex\">\n<div class=\"wp-block-button is-style-outline is-style-outline--13\"><a class=\"wp-block-button__link has-black-color has-luminous-vivid-amber-background-color has-text-color has-background wp-element-button\" href=\"https:\/\/nivalanerankavijat.com\/?page_id=853\" target=\"_blank\" rel=\"noreferrer noopener\">Ase- ja er\u00e4tuotteet sek\u00e4 -palvelut kisapaikalla<\/a><\/div>\n<\/div>\n\n\n\n<div style=\"height:54px\" aria-hidden=\"true\" class=\"wp-block-spacer\"><\/div>\n\n\n\n<div class=\"wp-block-buttons is-layout-flex wp-block-buttons-is-layout-flex\">\n<div class=\"wp-block-button is-style-outline is-style-outline--14\"><a class=\"wp-block-button__link has-black-color has-luminous-vivid-amber-background-color has-text-color has-background wp-element-button\" href=\"https:\/\/nivalanerankavijat.com\/?page_id=778\" target=\"_blank\" rel=\"noreferrer noopener\">Lasten aktiviteetit <\/a><\/div>\n<\/div>\n\n\n\n<div style=\"height:37px\" aria-hidden=\"true\" class=\"wp-block-spacer\"><\/div>\n\n\n\n<div class=\"wp-block-buttons is-layout-flex wp-block-buttons-is-layout-flex\">\n<div class=\"wp-block-button is-style-outline is-style-outline--15\"><a class=\"wp-block-button__link has-black-color has-luminous-vivid-amber-background-color has-text-color has-background wp-element-button\" href=\"https:\/\/nivalanerankavijat.com\/?page_id=806\" target=\"_blank\" rel=\"noreferrer noopener\">L\u00e4hialueen iltaohjelmaa<\/a><\/div>\n<\/div>\n\n\n\n<div style=\"height:60px\" aria-hidden=\"true\" class=\"wp-block-spacer\"><\/div>\n\n\n\n<hr class=\"wp-block-separator has-alpha-channel-opacity\"\/>\n\n\n\n<pre class=\"wp-block-verse has-text-align-center has-medium-font-size\"><strong>Paikalliset sponsorit:<\/strong><\/pre>\n\n\n\n<figure class=\"wp-block-image size-full\"><img loading=\"lazy\" decoding=\"async\" width=\"957\" height=\"783\" src=\"https:\/\/nivalanerankavijat.com\/wp-content\/uploads\/2023\/07\/Hirvenjuoksun_SM2023_Sponsorit.jpg\" alt=\"\" class=\"wp-image-716\" srcset=\"https:\/\/nivalanerankavijat.com\/wp-content\/uploads\/2023\/07\/Hirvenjuoksun_SM2023_Sponsorit.jpg 957w, https:\/\/nivalanerankavijat.com\/wp-content\/uploads\/2023\/07\/Hirvenjuoksun_SM2023_Sponsorit-300x245.jpg 300w, https:\/\/nivalanerankavijat.com\/wp-content\/uploads\/2023\/07\/Hirvenjuoksun_SM2023_Sponsorit-768x628.jpg 768w\" sizes=\"auto, (max-width: 957px) 100vw, 957px\" \/><\/figure>\n\n\n\n<div style=\"height:65px\" aria-hidden=\"true\" class=\"wp-block-spacer\"><\/div>\n\n\n\n<pre class=\"wp-block-verse has-text-align-center has-medium-font-size\"><strong>Yhteisty\u00f6kumppanit:<\/strong><\/pre>\n\n\n<div class=\"wp-block-image\">\n<figure class=\"aligncenter size-large is-resized\"><a href=\"https:\/\/www.tracker.fi\/\" target=\"_blank\" rel=\"noreferrer noopener\"><img loading=\"lazy\" decoding=\"async\" src=\"https:\/\/nivalanerankavijat.com\/wp-content\/uploads\/2023\/07\/tracker_logo_posi-1024x576.png\" alt=\"\" class=\"wp-image-720\" width=\"876\" height=\"492\" srcset=\"https:\/\/nivalanerankavijat.com\/wp-content\/uploads\/2023\/07\/tracker_logo_posi-1024x576.png 1024w, https:\/\/nivalanerankavijat.com\/wp-content\/uploads\/2023\/07\/tracker_logo_posi-300x169.png 300w, https:\/\/nivalanerankavijat.com\/wp-content\/uploads\/2023\/07\/tracker_logo_posi-768x432.png 768w, https:\/\/nivalanerankavijat.com\/wp-content\/uploads\/2023\/07\/tracker_logo_posi-1536x864.png 1536w, https:\/\/nivalanerankavijat.com\/wp-content\/uploads\/2023\/07\/tracker_logo_posi-1140x641.png 1140w, https:\/\/nivalanerankavijat.com\/wp-content\/uploads\/2023\/07\/tracker_logo_posi.png 1920w\" sizes=\"auto, (max-width: 876px) 100vw, 876px\" \/><\/a><\/figure>\n<\/div>\n\n<div class=\"wp-block-image\">\n<figure class=\"aligncenter size-full is-resized\"><a href=\"https:\/\/www.sakosuomi.fi\/\" target=\"_blank\" rel=\"noreferrer noopener\"><img loading=\"lazy\" decoding=\"async\" src=\"https:\/\/nivalanerankavijat.com\/wp-content\/uploads\/2023\/07\/medium_Sako_Company_logo_black_RGB.jpg\" alt=\"\" class=\"wp-image-722\" width=\"526\" height=\"225\"\/><\/a><\/figure>\n<\/div>\n\n\n<div style=\"height:100px\" aria-hidden=\"true\" class=\"wp-block-spacer\"><\/div>\n\n\n<div class=\"wp-block-image\">\n<figure class=\"aligncenter size-large is-resized\"><a href=\"https:\/\/www.st1.fi\/\" target=\"_blank\" rel=\"noreferrer noopener\"><img loading=\"lazy\" decoding=\"async\" src=\"https:\/\/nivalanerankavijat.com\/wp-content\/uploads\/2023\/07\/ST1-1024x498.jpg\" alt=\"\" class=\"wp-image-723\" width=\"463\" height=\"225\" srcset=\"https:\/\/nivalanerankavijat.com\/wp-content\/uploads\/2023\/07\/ST1-1024x498.jpg 1024w, https:\/\/nivalanerankavijat.com\/wp-content\/uploads\/2023\/07\/ST1-300x146.jpg 300w, https:\/\/nivalanerankavijat.com\/wp-content\/uploads\/2023\/07\/ST1-768x373.jpg 768w, https:\/\/nivalanerankavijat.com\/wp-content\/uploads\/2023\/07\/ST1-1140x554.jpg 1140w, https:\/\/nivalanerankavijat.com\/wp-content\/uploads\/2023\/07\/ST1.jpg 1158w\" sizes=\"auto, (max-width: 463px) 100vw, 463px\" \/><\/a><\/figure>\n<\/div>\n\n<div class=\"wp-block-image\">\n<figure class=\"aligncenter size-full\"><a href=\"https:\/\/www.corrotech.fi\/\" target=\"_blank\" rel=\"noreferrer noopener\"><img loading=\"lazy\" decoding=\"async\" width=\"848\" height=\"469\" src=\"https:\/\/nivalanerankavijat.com\/wp-content\/uploads\/2023\/07\/corrotech.jpg\" alt=\"\" class=\"wp-image-724\" srcset=\"https:\/\/nivalanerankavijat.com\/wp-content\/uploads\/2023\/07\/corrotech.jpg 848w, https:\/\/nivalanerankavijat.com\/wp-content\/uploads\/2023\/07\/corrotech-300x166.jpg 300w, https:\/\/nivalanerankavijat.com\/wp-content\/uploads\/2023\/07\/corrotech-768x425.jpg 768w\" sizes=\"auto, (max-width: 848px) 100vw, 848px\" \/><\/a><\/figure>\n<\/div>\n\n\n<div style=\"height:100px\" aria-hidden=\"true\" class=\"wp-block-spacer\"><\/div>\n\n\n<div class=\"wp-block-image\">\n<figure class=\"aligncenter size-full\"><a href=\"https:\/\/www.nammo.com\/\" target=\"_blank\" rel=\"noreferrer noopener\"><img loading=\"lazy\" decoding=\"async\" width=\"796\" height=\"196\" src=\"https:\/\/nivalanerankavijat.com\/wp-content\/uploads\/2023\/07\/LAPUA_logo_preview.jpg\" alt=\"\" class=\"wp-image-763\" srcset=\"https:\/\/nivalanerankavijat.com\/wp-content\/uploads\/2023\/07\/LAPUA_logo_preview.jpg 796w, https:\/\/nivalanerankavijat.com\/wp-content\/uploads\/2023\/07\/LAPUA_logo_preview-300x74.jpg 300w, https:\/\/nivalanerankavijat.com\/wp-content\/uploads\/2023\/07\/LAPUA_logo_preview-768x189.jpg 768w\" sizes=\"auto, (max-width: 796px) 100vw, 796px\" \/><\/a><\/figure>\n<\/div>","protected":false},"excerpt":{"rendered":"<p>Seuramme j\u00e4rjest\u00e4\u00e4 hirvenjuoksun SM-kisat 4.8.-6.8.2023 Paikalliset sponsorit: Yhteisty\u00f6kumppanit:<\/p>\n","protected":false},"author":3,"featured_media":0,"parent":0,"menu_order":0,"comment_status":"closed","ping_status":"closed","template":"","meta":{"footnotes":""},"class_list":["post-444","page","type-page","status-publish","hentry"],"_links":{"self":[{"href":"https:\/\/nivalanerankavijat.com\/index.php?rest_route=\/wp\/v2\/pages\/444","targetHints":{"allow":["GET"]}}],"collection":[{"href":"https:\/\/nivalanerankavijat.com\/index.php?rest_route=\/wp\/v2\/pages"}],"about":[{"href":"https:\/\/nivalanerankavijat.com\/index.php?rest_route=\/wp\/v2\/types\/page"}],"author":[{"embeddable":true,"href":"https:\/\/nivalanerankavijat.com\/index.php?rest_route=\/wp\/v2\/users\/3"}],"replies":[{"embeddable":true,"href":"https:\/\/nivalanerankavijat.com\/index.php?rest_route=%2Fwp%2Fv2%2Fcomments&post=444"}],"version-history":[{"count":79,"href":"https:\/\/nivalanerankavijat.com\/index.php?rest_route=\/wp\/v2\/pages\/444\/revisions"}],"predecessor-version":[{"id":887,"href":"https:\/\/nivalanerankavijat.com\/index.php?rest_route=\/wp\/v2\/pages\/444\/revisions\/887"}],"wp:attachment":[{"href":"https:\/\/nivalanerankavijat.com\/index.php?rest_route=%2Fwp%2Fv2%2Fmedia&parent=444"}],"curies":[{"name":"wp","href":"https:\/\/api.w.org\/{rel}","templated":true}]}}