{"id":499,"date":"2022-09-13T20:27:54","date_gmt":"2022-09-13T17:27:54","guid":{"rendered":"http:\/\/nivalanerankavijat.com\/?page_id=499"},"modified":"2022-09-13T20:27:54","modified_gmt":"2022-09-13T17:27:54","slug":"saannot","status":"publish","type":"page","link":"https:\/\/nivalanerankavijat.com\/?page_id=499","title":{"rendered":"S\u00e4\u00e4nn\u00f6t"},"content":{"rendered":"\n<p>Yhdistyss\u00e4\u00e4nn\u00f6t<\/p>\n\n\n\n<div class=\"wp-block-file\"><a href=\"https:\/\/nivalanerankavijat.com\/wp-content\/uploads\/2022\/09\/Yhdistyss\u00e4\u00e4nn\u00f6t-1.pdf\">Yhdistyss\u00e4\u00e4nn\u00f6t-1<\/a><a href=\"https:\/\/nivalanerankavijat.com\/wp-content\/uploads\/2022\/09\/Yhdistyss\u00e4\u00e4nn\u00f6t-1.pdf\" class=\"wp-block-file__button\" download>Lataa<\/a><\/div>\n\n\n\n<p>Mets\u00e4styss\u00e4\u00e4nn\u00f6t<\/p>\n\n\n\n<div class=\"wp-block-file\"><a href=\"https:\/\/nivalanerankavijat.com\/wp-content\/uploads\/2022\/09\/Mets\u00e4styss\u00e4\u00e4nn\u00f6t-1.pdf\">Mets\u00e4styss\u00e4\u00e4nn\u00f6t-1<\/a><a href=\"https:\/\/nivalanerankavijat.com\/wp-content\/uploads\/2022\/09\/Mets\u00e4styss\u00e4\u00e4nn\u00f6t-1.pdf\" class=\"wp-block-file__button\" download>Lataa<\/a><\/div>\n","protected":false},"excerpt":{"rendered":"<p>Yhdistyss\u00e4\u00e4nn\u00f6t Mets\u00e4styss\u00e4\u00e4nn\u00f6t<\/p>\n","protected":false},"author":3,"featured_media":0,"parent":0,"menu_order":0,"comment_status":"closed","ping_status":"closed","template":"","meta":{"footnotes":""},"class_list":["post-499","page","type-page","status-publish","hentry"],"_links":{"self":[{"href":"https:\/\/nivalanerankavijat.com\/index.php?rest_route=\/wp\/v2\/pages\/499","targetHints":{"allow":["GET"]}}],"collection":[{"href":"https:\/\/nivalanerankavijat.com\/index.php?rest_route=\/wp\/v2\/pages"}],"about":[{"href":"https:\/\/nivalanerankavijat.com\/index.php?rest_route=\/wp\/v2\/types\/page"}],"author":[{"embeddable":true,"href":"https:\/\/nivalanerankavijat.com\/index.php?rest_route=\/wp\/v2\/users\/3"}],"replies":[{"embeddable":true,"href":"https:\/\/nivalanerankavijat.com\/index.php?rest_route=%2Fwp%2Fv2%2Fcomments&post=499"}],"version-history":[{"count":1,"href":"https:\/\/nivalanerankavijat.com\/index.php?rest_route=\/wp\/v2\/pages\/499\/revisions"}],"predecessor-version":[{"id":502,"href":"https:\/\/nivalanerankavijat.com\/index.php?rest_route=\/wp\/v2\/pages\/499\/revisions\/502"}],"wp:attachment":[{"href":"https:\/\/nivalanerankavijat.com\/index.php?rest_route=%2Fwp%2Fv2%2Fmedia&parent=499"}],"curies":[{"name":"wp","href":"https:\/\/api.w.org\/{rel}","templated":true}]}}