{"id":60,"date":"2019-08-09T13:25:10","date_gmt":"2019-08-09T10:25:10","guid":{"rendered":"http:\/\/nivalanerankavijat.com\/?page_id=60"},"modified":"2022-09-09T20:28:02","modified_gmt":"2022-09-09T17:28:02","slug":"ampumajaosto","status":"publish","type":"page","link":"https:\/\/nivalanerankavijat.com\/?page_id=60","title":{"rendered":"Ampumajaosto"},"content":{"rendered":"\n<p><\/p>\n\n\n\n<p>Puheenjohtaja: Anne T\u00f6lli<\/p>\n\n\n\n<p>J\u00e4senet: Yrj\u00f6 Uusivirta, Eero Laitila, Matti Haikara, Vesa Haikara, Miikka Annunen, Annaleena Ylikoski, Arvo Hakula, Martti V\u00e4h\u00e4s\u00f6yrinki, Markus T\u00f6lli ja Juho Hihnala<\/p>\n","protected":false},"excerpt":{"rendered":"<p>Puheenjohtaja: Anne T\u00f6lli J\u00e4senet: Yrj\u00f6 Uusivirta, Eero Laitila, Matti Haikara, Vesa Haikara, Miikka Annunen, Annaleena Ylikoski, Arvo Hakula, Martti V\u00e4h\u00e4s\u00f6yrinki, Markus T\u00f6lli ja Juho Hihnala<\/p>\n","protected":false},"author":1,"featured_media":0,"parent":0,"menu_order":0,"comment_status":"closed","ping_status":"closed","template":"","meta":{"footnotes":""},"class_list":["post-60","page","type-page","status-publish","hentry"],"_links":{"self":[{"href":"https:\/\/nivalanerankavijat.com\/index.php?rest_route=\/wp\/v2\/pages\/60","targetHints":{"allow":["GET"]}}],"collection":[{"href":"https:\/\/nivalanerankavijat.com\/index.php?rest_route=\/wp\/v2\/pages"}],"about":[{"href":"https:\/\/nivalanerankavijat.com\/index.php?rest_route=\/wp\/v2\/types\/page"}],"author":[{"embeddable":true,"href":"https:\/\/nivalanerankavijat.com\/index.php?rest_route=\/wp\/v2\/users\/1"}],"replies":[{"embeddable":true,"href":"https:\/\/nivalanerankavijat.com\/index.php?rest_route=%2Fwp%2Fv2%2Fcomments&post=60"}],"version-history":[{"count":4,"href":"https:\/\/nivalanerankavijat.com\/index.php?rest_route=\/wp\/v2\/pages\/60\/revisions"}],"predecessor-version":[{"id":492,"href":"https:\/\/nivalanerankavijat.com\/index.php?rest_route=\/wp\/v2\/pages\/60\/revisions\/492"}],"wp:attachment":[{"href":"https:\/\/nivalanerankavijat.com\/index.php?rest_route=%2Fwp%2Fv2%2Fmedia&parent=60"}],"curies":[{"name":"wp","href":"https:\/\/api.w.org\/{rel}","templated":true}]}}