{"id":643,"date":"2023-06-01T14:18:56","date_gmt":"2023-06-01T11:18:56","guid":{"rendered":"https:\/\/nivalanerankavijat.com\/?page_id=643"},"modified":"2023-07-22T15:53:29","modified_gmt":"2023-07-22T12:53:29","slug":"majoitus","status":"publish","type":"page","link":"https:\/\/nivalanerankavijat.com\/?page_id=643","title":{"rendered":"Majoitus"},"content":{"rendered":"\n<h2 class=\"wp-block-heading\">Majoitusta SM-Kisoihin:<\/h2>\n\n\n\n<p><a href=\"https:\/\/www.hotellipuustellinivala.fi\/fi\/\">https:\/\/www.hotellipuustellinivala.fi\/<\/a> (kysy SM-Hirvenjuoksu kisatarjousta)<\/p>\n\n\n\n<p><a href=\"https:\/\/www.jokihovi.fi\/\">https:\/\/www.jokihovi.fi\/<\/a><\/p>\n\n\n\n<p><a href=\"https:\/\/visithaapajarvi.fi\/majoitus-ja-matkailu\/\">https:\/\/visithaapajarvi.fi\/majoitus-ja-matkailu\/<\/a><\/p>\n\n\n\n<p><a href=\"https:\/\/ketolanmaatilamatkailu.fi\/\">https:\/\/ketolanmaatilamatkailu.fi\/<\/a><\/p>\n\n\n\n<p><a href=\"https:\/\/www.majoitusangesleva.com\/\" data-type=\"URL\" data-id=\"https:\/\/www.majoitusangesleva.com\/\">https:\/\/www.majoitusangesleva.com\/<\/a><\/p>\n\n\n\n<p><a href=\"https:\/\/www.urjanlinna.net\/m%C3%B6kit\">https:\/\/www.urjanlinna.net\/m%C3%B6kit<\/a><\/p>\n\n\n\n<p><a href=\"https:\/\/www.airbnb.fi\/\">https:\/\/www.airbnb.fi\/<\/a><\/p>\n\n\n\n<p><a rel=\"noreferrer noopener\" href=\"https:\/\/omabox.fi\/\" target=\"_blank\">https:\/\/omabox.fi\/<\/a> &#8211; UUTUUS!<\/p>\n\n\n\n<p>Lis\u00e4ksi kilpailukeskuksessa Pyssym\u00e4ell\u00e4 on mahdollisuus majoittua asuntovaunulla ja -autolla. N\u00e4ille j\u00e4rjestet\u00e4\u00e4n mahdollisuuksien mukaan my\u00f6s s\u00e4hk\u00f6t. Jos olet tulossa asuntoautolla\/-vaunulla niin ilmoitaisitko t\u00e4st\u00e4 j\u00e4rjest\u00e4j\u00e4lle viikkoa ennen kisoja p. 044 7815 372.<\/p>\n","protected":false},"excerpt":{"rendered":"<p>Majoitusta SM-Kisoihin: https:\/\/www.hotellipuustellinivala.fi\/ (kysy SM-Hirvenjuoksu kisatarjousta) https:\/\/www.jokihovi.fi\/ https:\/\/visithaapajarvi.fi\/majoitus-ja-matkailu\/ https:\/\/ketolanmaatilamatkailu.fi\/ https:\/\/www.majoitusangesleva.com\/ https:\/\/www.urjanlinna.net\/m%C3%B6kit https:\/\/www.airbnb.fi\/ https:\/\/omabox.fi\/ &#8211; UUTUUS! Lis\u00e4ksi kilpailukeskuksessa Pyssym\u00e4ell\u00e4 on mahdollisuus majoittua asuntovaunulla ja -autolla. N\u00e4ille j\u00e4rjestet\u00e4\u00e4n mahdollisuuksien mukaan my\u00f6s s\u00e4hk\u00f6t. Jos olet tulossa asuntoautolla\/-vaunulla niin ilmoitaisitko t\u00e4st\u00e4 j\u00e4rjest\u00e4j\u00e4lle viikkoa ennen kisoja p. 044 7815 372.<\/p>\n","protected":false},"author":5,"featured_media":0,"parent":444,"menu_order":0,"comment_status":"closed","ping_status":"closed","template":"","meta":{"footnotes":""},"class_list":["post-643","page","type-page","status-publish","hentry"],"_links":{"self":[{"href":"https:\/\/nivalanerankavijat.com\/index.php?rest_route=\/wp\/v2\/pages\/643","targetHints":{"allow":["GET"]}}],"collection":[{"href":"https:\/\/nivalanerankavijat.com\/index.php?rest_route=\/wp\/v2\/pages"}],"about":[{"href":"https:\/\/nivalanerankavijat.com\/index.php?rest_route=\/wp\/v2\/types\/page"}],"author":[{"embeddable":true,"href":"https:\/\/nivalanerankavijat.com\/index.php?rest_route=\/wp\/v2\/users\/5"}],"replies":[{"embeddable":true,"href":"https:\/\/nivalanerankavijat.com\/index.php?rest_route=%2Fwp%2Fv2%2Fcomments&post=643"}],"version-history":[{"count":9,"href":"https:\/\/nivalanerankavijat.com\/index.php?rest_route=\/wp\/v2\/pages\/643\/revisions"}],"predecessor-version":[{"id":805,"href":"https:\/\/nivalanerankavijat.com\/index.php?rest_route=\/wp\/v2\/pages\/643\/revisions\/805"}],"up":[{"embeddable":true,"href":"https:\/\/nivalanerankavijat.com\/index.php?rest_route=\/wp\/v2\/pages\/444"}],"wp:attachment":[{"href":"https:\/\/nivalanerankavijat.com\/index.php?rest_route=%2Fwp%2Fv2%2Fmedia&parent=643"}],"curies":[{"name":"wp","href":"https:\/\/api.w.org\/{rel}","templated":true}]}}