{"id":778,"date":"2023-07-21T00:04:20","date_gmt":"2023-07-20T21:04:20","guid":{"rendered":"https:\/\/nivalanerankavijat.com\/?page_id=778"},"modified":"2023-07-21T00:15:35","modified_gmt":"2023-07-20T21:15:35","slug":"lapsille-pomppulinna","status":"publish","type":"page","link":"https:\/\/nivalanerankavijat.com\/?page_id=778","title":{"rendered":"Lapsille pomppulinna"},"content":{"rendered":"\n<p>Lapsille on kisojen ajaksi j\u00e4rjestetty mukavaa puuhaa pomppulinnan parissa. Huom! Lapsille ei ole valvontaa j\u00e4rjest\u00e4j\u00e4n toimesta.<\/p>\n\n\n\n<figure class=\"wp-block-image size-large\"><img loading=\"lazy\" decoding=\"async\" width=\"1024\" height=\"768\" src=\"https:\/\/nivalanerankavijat.com\/wp-content\/uploads\/2023\/07\/IMG-20230720-WA0016-1024x768.jpg\" alt=\"\" class=\"wp-image-779\" srcset=\"https:\/\/nivalanerankavijat.com\/wp-content\/uploads\/2023\/07\/IMG-20230720-WA0016-1024x768.jpg 1024w, https:\/\/nivalanerankavijat.com\/wp-content\/uploads\/2023\/07\/IMG-20230720-WA0016-300x225.jpg 300w, https:\/\/nivalanerankavijat.com\/wp-content\/uploads\/2023\/07\/IMG-20230720-WA0016-768x576.jpg 768w, https:\/\/nivalanerankavijat.com\/wp-content\/uploads\/2023\/07\/IMG-20230720-WA0016-1536x1152.jpg 1536w, https:\/\/nivalanerankavijat.com\/wp-content\/uploads\/2023\/07\/IMG-20230720-WA0016-1140x855.jpg 1140w, https:\/\/nivalanerankavijat.com\/wp-content\/uploads\/2023\/07\/IMG-20230720-WA0016.jpg 1600w\" sizes=\"auto, (max-width: 1024px) 100vw, 1024px\" \/><\/figure>\n\n\n\n<div style=\"height:28px\" aria-hidden=\"true\" class=\"wp-block-spacer\"><\/div>\n\n\n\n<figure class=\"wp-block-image size-large\"><img loading=\"lazy\" decoding=\"async\" width=\"1024\" height=\"580\" src=\"https:\/\/nivalanerankavijat.com\/wp-content\/uploads\/2023\/07\/IMG-20230720-WA0014-1024x580.jpg\" alt=\"\" class=\"wp-image-780\" srcset=\"https:\/\/nivalanerankavijat.com\/wp-content\/uploads\/2023\/07\/IMG-20230720-WA0014-1024x580.jpg 1024w, https:\/\/nivalanerankavijat.com\/wp-content\/uploads\/2023\/07\/IMG-20230720-WA0014-300x170.jpg 300w, https:\/\/nivalanerankavijat.com\/wp-content\/uploads\/2023\/07\/IMG-20230720-WA0014-768x435.jpg 768w, https:\/\/nivalanerankavijat.com\/wp-content\/uploads\/2023\/07\/IMG-20230720-WA0014-1536x871.jpg 1536w, https:\/\/nivalanerankavijat.com\/wp-content\/uploads\/2023\/07\/IMG-20230720-WA0014-1140x646.jpg 1140w, https:\/\/nivalanerankavijat.com\/wp-content\/uploads\/2023\/07\/IMG-20230720-WA0014.jpg 1600w\" sizes=\"auto, (max-width: 1024px) 100vw, 1024px\" \/><\/figure>\n\n\n\n<div style=\"height:29px\" aria-hidden=\"true\" class=\"wp-block-spacer\"><\/div>\n\n\n\n<figure class=\"wp-block-image size-large\"><img loading=\"lazy\" decoding=\"async\" width=\"1024\" height=\"768\" src=\"https:\/\/nivalanerankavijat.com\/wp-content\/uploads\/2023\/07\/IMG-20230720-WA0015-1024x768.jpg\" alt=\"\" class=\"wp-image-781\" srcset=\"https:\/\/nivalanerankavijat.com\/wp-content\/uploads\/2023\/07\/IMG-20230720-WA0015-1024x768.jpg 1024w, https:\/\/nivalanerankavijat.com\/wp-content\/uploads\/2023\/07\/IMG-20230720-WA0015-300x225.jpg 300w, https:\/\/nivalanerankavijat.com\/wp-content\/uploads\/2023\/07\/IMG-20230720-WA0015-768x576.jpg 768w, https:\/\/nivalanerankavijat.com\/wp-content\/uploads\/2023\/07\/IMG-20230720-WA0015-1536x1152.jpg 1536w, https:\/\/nivalanerankavijat.com\/wp-content\/uploads\/2023\/07\/IMG-20230720-WA0015-1140x855.jpg 1140w, https:\/\/nivalanerankavijat.com\/wp-content\/uploads\/2023\/07\/IMG-20230720-WA0015.jpg 1600w\" sizes=\"auto, (max-width: 1024px) 100vw, 1024px\" \/><\/figure>\n","protected":false},"excerpt":{"rendered":"<p>Lapsille on kisojen ajaksi j\u00e4rjestetty mukavaa puuhaa pomppulinnan parissa. Huom! Lapsille ei ole valvontaa j\u00e4rjest\u00e4j\u00e4n toimesta.<\/p>\n","protected":false},"author":5,"featured_media":0,"parent":0,"menu_order":0,"comment_status":"closed","ping_status":"closed","template":"","meta":{"footnotes":""},"class_list":["post-778","page","type-page","status-publish","hentry"],"_links":{"self":[{"href":"https:\/\/nivalanerankavijat.com\/index.php?rest_route=\/wp\/v2\/pages\/778","targetHints":{"allow":["GET"]}}],"collection":[{"href":"https:\/\/nivalanerankavijat.com\/index.php?rest_route=\/wp\/v2\/pages"}],"about":[{"href":"https:\/\/nivalanerankavijat.com\/index.php?rest_route=\/wp\/v2\/types\/page"}],"author":[{"embeddable":true,"href":"https:\/\/nivalanerankavijat.com\/index.php?rest_route=\/wp\/v2\/users\/5"}],"replies":[{"embeddable":true,"href":"https:\/\/nivalanerankavijat.com\/index.php?rest_route=%2Fwp%2Fv2%2Fcomments&post=778"}],"version-history":[{"count":2,"href":"https:\/\/nivalanerankavijat.com\/index.php?rest_route=\/wp\/v2\/pages\/778\/revisions"}],"predecessor-version":[{"id":786,"href":"https:\/\/nivalanerankavijat.com\/index.php?rest_route=\/wp\/v2\/pages\/778\/revisions\/786"}],"wp:attachment":[{"href":"https:\/\/nivalanerankavijat.com\/index.php?rest_route=%2Fwp%2Fv2%2Fmedia&parent=778"}],"curies":[{"name":"wp","href":"https:\/\/api.w.org\/{rel}","templated":true}]}}