{"id":806,"date":"2023-07-22T16:18:12","date_gmt":"2023-07-22T13:18:12","guid":{"rendered":"https:\/\/nivalanerankavijat.com\/?page_id=806"},"modified":"2023-07-22T17:39:00","modified_gmt":"2023-07-22T14:39:00","slug":"iltaverryttelya-koskenperalla","status":"publish","type":"page","link":"https:\/\/nivalanerankavijat.com\/?page_id=806","title":{"rendered":"Iltaverryttely\u00e4 Koskenper\u00e4ll\u00e4 la 5.8."},"content":{"rendered":"\n<figure class=\"wp-block-image size-large\"><img loading=\"lazy\" decoding=\"async\" width=\"1024\" height=\"1024\" src=\"https:\/\/nivalanerankavijat.com\/wp-content\/uploads\/2023\/07\/img_1_1690031666320-1024x1024.webp\" alt=\"\" class=\"wp-image-809\" srcset=\"https:\/\/nivalanerankavijat.com\/wp-content\/uploads\/2023\/07\/img_1_1690031666320-1024x1024.webp 1024w, https:\/\/nivalanerankavijat.com\/wp-content\/uploads\/2023\/07\/img_1_1690031666320-300x300.webp 300w, https:\/\/nivalanerankavijat.com\/wp-content\/uploads\/2023\/07\/img_1_1690031666320-150x150.webp 150w, https:\/\/nivalanerankavijat.com\/wp-content\/uploads\/2023\/07\/img_1_1690031666320-768x768.webp 768w, https:\/\/nivalanerankavijat.com\/wp-content\/uploads\/2023\/07\/img_1_1690031666320-75x75.webp 75w, https:\/\/nivalanerankavijat.com\/wp-content\/uploads\/2023\/07\/img_1_1690031666320.webp 1070w\" sizes=\"auto, (max-width: 1024px) 100vw, 1024px\" \/><\/figure>\n\n\n\n<figure class=\"wp-block-image size-large\"><img loading=\"lazy\" decoding=\"async\" width=\"1024\" height=\"672\" src=\"https:\/\/nivalanerankavijat.com\/wp-content\/uploads\/2023\/07\/smkisatkoskenpera-1024x672.png\" alt=\"\" class=\"wp-image-807\" srcset=\"https:\/\/nivalanerankavijat.com\/wp-content\/uploads\/2023\/07\/smkisatkoskenpera-1024x672.png 1024w, https:\/\/nivalanerankavijat.com\/wp-content\/uploads\/2023\/07\/smkisatkoskenpera-300x197.png 300w, https:\/\/nivalanerankavijat.com\/wp-content\/uploads\/2023\/07\/smkisatkoskenpera-768x504.png 768w, https:\/\/nivalanerankavijat.com\/wp-content\/uploads\/2023\/07\/smkisatkoskenpera.png 1103w\" sizes=\"auto, (max-width: 1024px) 100vw, 1024px\" \/><figcaption class=\"wp-element-caption\">Reitti kisapaikalta Koskenper\u00e4n lavalle (L\u00e4hde: Googlemaps)<\/figcaption><\/figure>\n\n\n\n<div style=\"height:43px\" aria-hidden=\"true\" class=\"wp-block-spacer\"><\/div>\n\n\n\n<p style=\"font-size:32px\"><a href=\"https:\/\/www.facebook.com\/events\/598213255769476\" target=\"_blank\" rel=\"noreferrer noopener\">Tapahtumia Nivalan Tuiskulassa 4.-6.8.2023<\/a><\/p>\n\n\n\n<div style=\"height:37px\" aria-hidden=\"true\" class=\"wp-block-spacer\"><\/div>\n\n\n\n<figure class=\"wp-block-image size-large\"><img loading=\"lazy\" decoding=\"async\" width=\"1024\" height=\"480\" src=\"https:\/\/nivalanerankavijat.com\/wp-content\/uploads\/2023\/07\/tuiskula-1024x480.png\" alt=\"\" class=\"wp-image-817\" srcset=\"https:\/\/nivalanerankavijat.com\/wp-content\/uploads\/2023\/07\/tuiskula-1024x480.png 1024w, https:\/\/nivalanerankavijat.com\/wp-content\/uploads\/2023\/07\/tuiskula-300x141.png 300w, https:\/\/nivalanerankavijat.com\/wp-content\/uploads\/2023\/07\/tuiskula-768x360.png 768w, https:\/\/nivalanerankavijat.com\/wp-content\/uploads\/2023\/07\/tuiskula-1140x535.png 1140w, https:\/\/nivalanerankavijat.com\/wp-content\/uploads\/2023\/07\/tuiskula.png 1439w\" sizes=\"auto, (max-width: 1024px) 100vw, 1024px\" \/><\/figure>\n\n\n\n<div style=\"height:34px\" aria-hidden=\"true\" class=\"wp-block-spacer\"><\/div>\n\n\n\n<p style=\"font-size:32px;font-style:normal;font-weight:400\">Tuiskulassa my\u00f6s muuta ohjelmaa ja ajanvietett\u00e4.<\/p>\n\n\n\n<p style=\"font-size:32px;font-style:normal;font-weight:400\"> Katso tarkemmin <a rel=\"noreferrer noopener\" href=\"https:\/\/www.tuiskula-nivala.fi\/\" target=\"_blank\">t\u00e4st\u00e4<\/a>.<\/p>\n\n\n\n<div style=\"height:43px\" aria-hidden=\"true\" class=\"wp-block-spacer\"><\/div>\n\n\n\n<p style=\"font-size:32px\">Sievin <a rel=\"noreferrer noopener\" href=\"https:\/\/www.urjanlinna.net\/tanssikalenteri\" target=\"_blank\">Urjanlinnassa 5.8.<\/a><\/p>\n","protected":false},"excerpt":{"rendered":"<p>Tapahtumia Nivalan Tuiskulassa 4.-6.8.2023 Tuiskulassa my\u00f6s muuta ohjelmaa ja ajanvietett\u00e4. Katso tarkemmin t\u00e4st\u00e4. Sievin Urjanlinnassa 5.8.<\/p>\n","protected":false},"author":5,"featured_media":0,"parent":0,"menu_order":0,"comment_status":"closed","ping_status":"closed","template":"","meta":{"footnotes":""},"class_list":["post-806","page","type-page","status-publish","hentry"],"_links":{"self":[{"href":"https:\/\/nivalanerankavijat.com\/index.php?rest_route=\/wp\/v2\/pages\/806","targetHints":{"allow":["GET"]}}],"collection":[{"href":"https:\/\/nivalanerankavijat.com\/index.php?rest_route=\/wp\/v2\/pages"}],"about":[{"href":"https:\/\/nivalanerankavijat.com\/index.php?rest_route=\/wp\/v2\/types\/page"}],"author":[{"embeddable":true,"href":"https:\/\/nivalanerankavijat.com\/index.php?rest_route=\/wp\/v2\/users\/5"}],"replies":[{"embeddable":true,"href":"https:\/\/nivalanerankavijat.com\/index.php?rest_route=%2Fwp%2Fv2%2Fcomments&post=806"}],"version-history":[{"count":10,"href":"https:\/\/nivalanerankavijat.com\/index.php?rest_route=\/wp\/v2\/pages\/806\/revisions"}],"predecessor-version":[{"id":830,"href":"https:\/\/nivalanerankavijat.com\/index.php?rest_route=\/wp\/v2\/pages\/806\/revisions\/830"}],"wp:attachment":[{"href":"https:\/\/nivalanerankavijat.com\/index.php?rest_route=%2Fwp%2Fv2%2Fmedia&parent=806"}],"curies":[{"name":"wp","href":"https:\/\/api.w.org\/{rel}","templated":true}]}}