{"id":841,"date":"2023-07-28T13:39:36","date_gmt":"2023-07-28T10:39:36","guid":{"rendered":"https:\/\/nivalanerankavijat.com\/?page_id=841"},"modified":"2023-07-28T13:48:50","modified_gmt":"2023-07-28T10:48:50","slug":"841-2","status":"publish","type":"page","link":"https:\/\/nivalanerankavijat.com\/?page_id=841","title":{"rendered":"SUOJELIJAN TERVEHDYS"},"content":{"rendered":"\n<div style=\"height:47px\" aria-hidden=\"true\" class=\"wp-block-spacer\"><\/div>\n\n\n\n<p class=\"has-medium-font-size\">On ilo toivottaa tervetulleiksi kaikki hirvenjuoksun suomenmestaruuskisoihin osallistuvat kilpailijat, toimitsijat, huoltojoukot ja muut mukana olijat Nivalaan ja Nivalan Er\u00e4nk\u00e4vij\u00e4t ry:n vieraiksi.  Olen asunut t\u00e4\u00e4ll\u00e4 suurimman osan el\u00e4m\u00e4st\u00e4ni, palvellut seurakuntaa kolmisenkymment\u00e4 vuotta ja ollut koko ajan maan mainion mets\u00e4stysseuran Nivalan Er\u00e4nk\u00e4vij\u00e4t ry:n j\u00e4sen, osallistuen my\u00f6s hirvenmets\u00e4stykseen. T\u00e4\u00e4ll\u00e4 on ollut hyv\u00e4 el\u00e4\u00e4, tehd\u00e4 ty\u00f6t\u00e4, harrastaa ja viett\u00e4\u00e4 el\u00e4kep\u00e4ivi\u00e4. Olen n\u00e4hnyt, miten Nivala on kehittynyt kovasti niin, ett\u00e4 meill\u00e4 on vahva elinkeinoel\u00e4m\u00e4, vankka v\u00e4est\u00f6pohja, hyv\u00e4 perusturva ja erinomaiset kouluttautumis- ja harrastusmahdollisuudet. Mets\u00e4stysseurammekin on sik\u00e4li melko ainutlaatuinen, ett\u00e4 se k\u00e4sitt\u00e4\u00e4 l\u00e4hes koko kunnan alueen ja j\u00e4seneksi p\u00e4\u00e4see, vaikka ei olisi maata muualla kuin kynsien alla. Toimiva seurakunta tuo turvaa syvemm\u00e4ss\u00e4 mieless\u00e4. Eip\u00e4 siis muuta kuin kilpailemaan, iloisella mielell\u00e4, mutta tosissaan, rehdisti ja kaikkensa antaen! Toivotan menestyst\u00e4 niin kilpailijoille kuin j\u00e4rjestelyiss\u00e4 ja erilaisissa muissa teht\u00e4viss\u00e4 palveleville!    <\/p>\n\n\n\n<div style=\"height:100px\" aria-hidden=\"true\" class=\"wp-block-spacer\"><\/div>\n\n\n\n<p class=\"has-medium-font-size\">Heikki Hurskainen, kirkkoherra, el\u00e4kkeell\u00e4 <\/p>\n\n\n\n<p><\/p>\n","protected":false},"excerpt":{"rendered":"<p>On ilo toivottaa tervetulleiksi kaikki hirvenjuoksun suomenmestaruuskisoihin osallistuvat kilpailijat, toimitsijat, huoltojoukot ja muut mukana olijat Nivalaan ja Nivalan Er\u00e4nk\u00e4vij\u00e4t ry:n vieraiksi. Olen asunut t\u00e4\u00e4ll\u00e4 suurimman osan el\u00e4m\u00e4st\u00e4ni, palvellut seurakuntaa kolmisenkymment\u00e4 vuotta ja ollut koko ajan maan mainion mets\u00e4stysseuran Nivalan Er\u00e4nk\u00e4vij\u00e4t ry:n j\u00e4sen, osallistuen my\u00f6s hirvenmets\u00e4stykseen. T\u00e4\u00e4ll\u00e4 on ollut hyv\u00e4 el\u00e4\u00e4, tehd\u00e4 ty\u00f6t\u00e4, harrastaa ja viett\u00e4\u00e4 el\u00e4kep\u00e4ivi\u00e4. Olen n\u00e4hnyt, miten Nivala on kehittynyt kovasti niin, ett\u00e4 meill\u00e4 on vahva elinkeinoel\u00e4m\u00e4, vankka v\u00e4est\u00f6pohja, hyv\u00e4 perusturva ja erinomaiset kouluttautumis- ja harrastusmahdollisuudet. Mets\u00e4stysseurammekin on sik\u00e4li melko ainutlaatuinen, ett\u00e4 se k\u00e4sitt\u00e4\u00e4 l\u00e4hes koko kunnan alueen ja j\u00e4seneksi p\u00e4\u00e4see, vaikka ei olisi maata muualla kuin kynsien alla. Toimiva seurakunta tuo turvaa syvemm\u00e4ss\u00e4 mieless\u00e4. Eip\u00e4 siis muuta kuin kilpailemaan, iloisella mielell\u00e4, mutta tosissaan, rehdisti ja kaikkensa antaen! Toivotan menestyst\u00e4 niin kilpailijoille kuin j\u00e4rjestelyiss\u00e4 ja erilaisissa muissa teht\u00e4viss\u00e4 palveleville! Heikki Hurskainen, kirkkoherra, el\u00e4kkeell\u00e4<\/p>\n","protected":false},"author":5,"featured_media":0,"parent":0,"menu_order":0,"comment_status":"closed","ping_status":"closed","template":"","meta":{"footnotes":""},"class_list":["post-841","page","type-page","status-publish","hentry"],"_links":{"self":[{"href":"https:\/\/nivalanerankavijat.com\/index.php?rest_route=\/wp\/v2\/pages\/841","targetHints":{"allow":["GET"]}}],"collection":[{"href":"https:\/\/nivalanerankavijat.com\/index.php?rest_route=\/wp\/v2\/pages"}],"about":[{"href":"https:\/\/nivalanerankavijat.com\/index.php?rest_route=\/wp\/v2\/types\/page"}],"author":[{"embeddable":true,"href":"https:\/\/nivalanerankavijat.com\/index.php?rest_route=\/wp\/v2\/users\/5"}],"replies":[{"embeddable":true,"href":"https:\/\/nivalanerankavijat.com\/index.php?rest_route=%2Fwp%2Fv2%2Fcomments&post=841"}],"version-history":[{"count":4,"href":"https:\/\/nivalanerankavijat.com\/index.php?rest_route=\/wp\/v2\/pages\/841\/revisions"}],"predecessor-version":[{"id":851,"href":"https:\/\/nivalanerankavijat.com\/index.php?rest_route=\/wp\/v2\/pages\/841\/revisions\/851"}],"wp:attachment":[{"href":"https:\/\/nivalanerankavijat.com\/index.php?rest_route=%2Fwp%2Fv2%2Fmedia&parent=841"}],"curies":[{"name":"wp","href":"https:\/\/api.w.org\/{rel}","templated":true}]}}