{"id":853,"date":"2023-07-28T20:05:38","date_gmt":"2023-07-28T17:05:38","guid":{"rendered":"https:\/\/nivalanerankavijat.com\/?page_id=853"},"modified":"2023-07-30T12:00:34","modified_gmt":"2023-07-30T09:00:34","slug":"palvelut-ja-tuotteet-kisapaikalla","status":"publish","type":"page","link":"https:\/\/nivalanerankavijat.com\/?page_id=853","title":{"rendered":"Palvelut ja tuotteet kisapaikalla"},"content":{"rendered":"\n<div style=\"height:66px\" aria-hidden=\"true\" class=\"wp-block-spacer\"><\/div>\n\n\n\n<p style=\"font-size:24px\">Hirvenjuoksun SM-kisoissa Nivalassa mukana my\u00f6s Sako. Aseiden huolto ja korjaus onnistuu paikan p\u00e4\u00e4ll\u00e4. Lis\u00e4ksi Sakon tuotteiden esittely.<\/p>\n\n\n\n<div style=\"height:48px\" aria-hidden=\"true\" class=\"wp-block-spacer\"><\/div>\n\n\n<div class=\"wp-block-image\">\n<figure class=\"aligncenter size-full\"><a href=\"https:\/\/www.sakosuomi.fi\/\" target=\"_blank\" rel=\"noreferrer noopener\"><img loading=\"lazy\" decoding=\"async\" width=\"281\" height=\"120\" src=\"https:\/\/nivalanerankavijat.com\/wp-content\/uploads\/2023\/07\/medium_Sako_Company_logo_black_RGB.jpg\" alt=\"\" class=\"wp-image-722\"\/><\/a><\/figure>\n<\/div>\n\n\n<div style=\"height:55px\" aria-hidden=\"true\" class=\"wp-block-spacer\"><\/div>\n\n\n\n<p style=\"font-size:24px\">Mets\u00e4st\u00e4j\u00e4n Erikoisliike Olkkonen Oy my\u00f6s kisapaikalla. K\u00e4yk\u00e4\u00e4 tutustumassa ja laittamassa kalusto kuntoon, jos ei kisoihin, niin tulevan syksyn jahtiin.<\/p>\n\n\n\n<div style=\"height:51px\" aria-hidden=\"true\" class=\"wp-block-spacer\"><\/div>\n\n\n<div class=\"wp-block-image\">\n<figure class=\"aligncenter size-full\"><a href=\"https:\/\/www.olkkonen.fi\/fi\" target=\"_blank\" rel=\"noreferrer noopener\"><img loading=\"lazy\" decoding=\"async\" width=\"245\" height=\"147\" src=\"https:\/\/nivalanerankavijat.com\/wp-content\/uploads\/2023\/07\/logo-1.png\" alt=\"\" class=\"wp-image-860\"\/><\/a><\/figure>\n<\/div>\n\n\n<div style=\"height:46px\" aria-hidden=\"true\" class=\"wp-block-spacer\"><\/div>\n\n\n\n<p style=\"font-size:24px\">Lauantaina kisapaikalla Urheilupiste Anttila. Tervetuloa urheilukaupoille!<\/p>\n\n\n\n<div style=\"height:46px\" aria-hidden=\"true\" class=\"wp-block-spacer\"><\/div>\n\n\n<div class=\"wp-block-image\">\n<figure class=\"aligncenter size-full\"><a href=\"https:\/\/kauppa.urheilupiste.fi\/\" target=\"_blank\" rel=\"noreferrer noopener\"><img loading=\"lazy\" decoding=\"async\" width=\"480\" height=\"144\" src=\"https:\/\/nivalanerankavijat.com\/wp-content\/uploads\/2023\/07\/urheilupisteanttila_logo.png\" alt=\"\" class=\"wp-image-859\" srcset=\"https:\/\/nivalanerankavijat.com\/wp-content\/uploads\/2023\/07\/urheilupisteanttila_logo.png 480w, https:\/\/nivalanerankavijat.com\/wp-content\/uploads\/2023\/07\/urheilupisteanttila_logo-300x90.png 300w\" sizes=\"auto, (max-width: 480px) 100vw, 480px\" \/><\/a><\/figure>\n<\/div>","protected":false},"excerpt":{"rendered":"<p>Hirvenjuoksun SM-kisoissa Nivalassa mukana my\u00f6s Sako. Aseiden huolto ja korjaus onnistuu paikan p\u00e4\u00e4ll\u00e4. Lis\u00e4ksi Sakon tuotteiden esittely. Mets\u00e4st\u00e4j\u00e4n Erikoisliike Olkkonen Oy my\u00f6s kisapaikalla. K\u00e4yk\u00e4\u00e4 tutustumassa ja laittamassa kalusto kuntoon, jos ei kisoihin, niin tulevan syksyn jahtiin. Lauantaina kisapaikalla Urheilupiste Anttila. Tervetuloa urheilukaupoille!<\/p>\n","protected":false},"author":5,"featured_media":0,"parent":0,"menu_order":0,"comment_status":"closed","ping_status":"closed","template":"","meta":{"footnotes":""},"class_list":["post-853","page","type-page","status-publish","hentry"],"_links":{"self":[{"href":"https:\/\/nivalanerankavijat.com\/index.php?rest_route=\/wp\/v2\/pages\/853","targetHints":{"allow":["GET"]}}],"collection":[{"href":"https:\/\/nivalanerankavijat.com\/index.php?rest_route=\/wp\/v2\/pages"}],"about":[{"href":"https:\/\/nivalanerankavijat.com\/index.php?rest_route=\/wp\/v2\/types\/page"}],"author":[{"embeddable":true,"href":"https:\/\/nivalanerankavijat.com\/index.php?rest_route=\/wp\/v2\/users\/5"}],"replies":[{"embeddable":true,"href":"https:\/\/nivalanerankavijat.com\/index.php?rest_route=%2Fwp%2Fv2%2Fcomments&post=853"}],"version-history":[{"count":3,"href":"https:\/\/nivalanerankavijat.com\/index.php?rest_route=\/wp\/v2\/pages\/853\/revisions"}],"predecessor-version":[{"id":861,"href":"https:\/\/nivalanerankavijat.com\/index.php?rest_route=\/wp\/v2\/pages\/853\/revisions\/861"}],"wp:attachment":[{"href":"https:\/\/nivalanerankavijat.com\/index.php?rest_route=%2Fwp%2Fv2%2Fmedia&parent=853"}],"curies":[{"name":"wp","href":"https:\/\/api.w.org\/{rel}","templated":true}]}}