{"id":96,"date":"2019-08-09T14:10:41","date_gmt":"2019-08-09T11:10:41","guid":{"rendered":"http:\/\/nivalanerankavijat.com\/?page_id=96"},"modified":"2022-09-05T20:26:54","modified_gmt":"2022-09-05T17:26:54","slug":"etusivu","status":"publish","type":"page","link":"https:\/\/nivalanerankavijat.com\/","title":{"rendered":"Nivalan Er\u00e4nk\u00e4vij\u00e4t ry"},"content":{"rendered":"\n<p><\/p>\n\n\n\n<p>Tervetuloa Nivalan Er\u00e4nk\u00e4vij\u00e4t ry:n nettisivuille. <br><br>Nivalan Er\u00e4nk\u00e4vij\u00e4t on yksi Suomen suurimmista seuroista ja se on perustettu vuonna 1961. J\u00e4seni\u00e4 seuralla on yli 2000. Mets\u00e4styspinta-alaa seuralla on n. 56 000 ha<br><\/p>\n\n\n\n<figure class=\"wp-block-image\"><img loading=\"lazy\" decoding=\"async\" width=\"1024\" height=\"708\" src=\"https:\/\/nivalanerankavijat.com\/wp-content\/uploads\/2022\/09\/WhatsApp-Image-2022-09-05-at-20.20.28-1024x708.jpeg\" alt=\"\" class=\"wp-image-469\" srcset=\"https:\/\/nivalanerankavijat.com\/wp-content\/uploads\/2022\/09\/WhatsApp-Image-2022-09-05-at-20.20.28-1024x708.jpeg 1024w, https:\/\/nivalanerankavijat.com\/wp-content\/uploads\/2022\/09\/WhatsApp-Image-2022-09-05-at-20.20.28-300x207.jpeg 300w, https:\/\/nivalanerankavijat.com\/wp-content\/uploads\/2022\/09\/WhatsApp-Image-2022-09-05-at-20.20.28-768x531.jpeg 768w, https:\/\/nivalanerankavijat.com\/wp-content\/uploads\/2022\/09\/WhatsApp-Image-2022-09-05-at-20.20.28.jpeg 1055w\" sizes=\"auto, (max-width: 1024px) 100vw, 1024px\" \/><figcaption>kuva: Jarmo Raudaskoski<\/figcaption><\/figure>\n","protected":false},"excerpt":{"rendered":"<p>Tervetuloa Nivalan Er\u00e4nk\u00e4vij\u00e4t ry:n nettisivuille. Nivalan Er\u00e4nk\u00e4vij\u00e4t on yksi Suomen suurimmista seuroista ja se on perustettu vuonna 1961. J\u00e4seni\u00e4 seuralla on yli 2000. Mets\u00e4styspinta-alaa seuralla on n. 56 000 ha<\/p>\n","protected":false},"author":1,"featured_media":0,"parent":0,"menu_order":0,"comment_status":"closed","ping_status":"closed","template":"","meta":{"footnotes":""},"class_list":["post-96","page","type-page","status-publish","hentry"],"_links":{"self":[{"href":"https:\/\/nivalanerankavijat.com\/index.php?rest_route=\/wp\/v2\/pages\/96","targetHints":{"allow":["GET"]}}],"collection":[{"href":"https:\/\/nivalanerankavijat.com\/index.php?rest_route=\/wp\/v2\/pages"}],"about":[{"href":"https:\/\/nivalanerankavijat.com\/index.php?rest_route=\/wp\/v2\/types\/page"}],"author":[{"embeddable":true,"href":"https:\/\/nivalanerankavijat.com\/index.php?rest_route=\/wp\/v2\/users\/1"}],"replies":[{"embeddable":true,"href":"https:\/\/nivalanerankavijat.com\/index.php?rest_route=%2Fwp%2Fv2%2Fcomments&post=96"}],"version-history":[{"count":14,"href":"https:\/\/nivalanerankavijat.com\/index.php?rest_route=\/wp\/v2\/pages\/96\/revisions"}],"predecessor-version":[{"id":471,"href":"https:\/\/nivalanerankavijat.com\/index.php?rest_route=\/wp\/v2\/pages\/96\/revisions\/471"}],"wp:attachment":[{"href":"https:\/\/nivalanerankavijat.com\/index.php?rest_route=%2Fwp%2Fv2%2Fmedia&parent=96"}],"curies":[{"name":"wp","href":"https:\/\/api.w.org\/{rel}","templated":true}]}}